{"id":433,"date":"2023-11-15T13:14:39","date_gmt":"2023-11-15T12:14:39","guid":{"rendered":"https:\/\/compassionate-morse.176-96-136-90.plesk.page\/?page_id=433"},"modified":"2023-11-15T13:16:04","modified_gmt":"2023-11-15T12:16:04","slug":"datenschutz","status":"publish","type":"page","link":"https:\/\/christinehofstetter.ch\/en\/datenschutz\/","title":{"rendered":"Privacy"},"content":{"rendered":"<div data-elementor-type=\"wp-page\" data-elementor-id=\"433\" class=\"elementor elementor-433\" data-elementor-post-type=\"page\">\n\t\t\t\t<div class=\"elementor-element elementor-element-73e742a3 e-flex e-con-boxed e-con e-parent\" data-id=\"73e742a3\" data-element_type=\"container\" data-e-type=\"container\">\n\t\t\t\t\t<div class=\"e-con-inner\">\n\t\t\t\t<div class=\"elementor-element elementor-element-689decb3 elementor-widget elementor-widget-heading\" data-id=\"689decb3\" data-element_type=\"widget\" data-e-type=\"widget\" data-widget_type=\"heading.default\">\n\t\t\t\t<div class=\"elementor-widget-container\">\n\t\t\t\t\t<h2 class=\"elementor-heading-title elementor-size-default\">Privacy<\/h2>\t\t\t\t<\/div>\n\t\t\t\t<\/div>\n\t\t\t\t<div class=\"elementor-element elementor-element-65453abd elementor-widget elementor-widget-text-editor\" data-id=\"65453abd\" data-element_type=\"widget\" data-e-type=\"widget\" data-widget_type=\"text-editor.default\">\n\t\t\t\t<div class=\"elementor-widget-container\">\n\t\t\t\t\t\t\t\t\t<p class=\"information\">S\u00e4mtliche auf unserer Website erhobenen pers\u00f6nlichen Daten werden ausschlie\u00dflich zu Ihrer individuellen Betreuung gespeichert und verarbeitet. Wir sichern zu, dass Ihre Angaben entsprechend den geltenden datenschutzrechtlichen Bestimmungen vertraulich behandelt und nicht an Dritte weitergegeben werden.<\/p><h4><strong>Datenerhebung und Speicherung<\/strong><\/h4><p class=\"information\">Jeder Webserver registriert automatisch Zugriffe auf die Websites. Beim Besuch der Seite speichert der Webserver unseres Hosters zur Erhaltung der Systemsicherheit die IP-Adresse der Besucher sowie Datum des Zugriffs, die URL, Inhalte auf die Zugegriffen wurde sowie die w\u00e4hrend der Verbindung \u00fcbertragenen Informationen. Diese Informationen bleiben f\u00fcr uns anonym. Ein R\u00fcckschluss auf eine Person ist somit nicht m\u00f6glich. Weitergehende personenbezogene Daten werden nur erfasst, sofern der Benutzer freiwillig, beispielsweise im Rahmen einer Registrierung oder Bestellung, diese Angegeben hat. Soweit uns personenbezogene Daten zur Verf\u00fcgung gestellt wurden, verwenden wir diese nur zur Beantwortung von Anfragen, zur Abwicklung von Bestellungen und f\u00fcr die technische Administration. Personenbezogenen Daten werden nicht an Dritte weitergegeben. Es sei denn, dass wir dazu in Folge zwingender gesetzlicher Vorschriften verpflichtet sind. Auf unserer Seite k\u00f6nnen sich Links zu anderen Websites befinden. Wir haben keinen Einfluss auf die Datenschutzbestimmungen des anderen Betreibers.<\/p><h4><strong>Cookies<\/strong><\/h4><p class=\"information\">Jeder Browser speichert bei dem Besuch einer Seite sogenannte Cookies. Cookies sind Dateien, die einen Besuch unserer Seite benutzerfreundlicher gestalten sollen. Sollten sie das nicht w\u00fcnschen, k\u00f6nnen sie dies in den Einstellungen Ihres Browsers ausschalten.<\/p><h4><strong>Google Analytics<\/strong><\/h4><p class=\"information\">Diese Website benutzt Google Analytics, einen Webanalysedienst der Google Inc. (Google). Google Analytics verwendet sog. Cookies, also Textdateien, die auf Ihrem Computer gespeichert werden und die eine Analyse der Benutzung der Website durch Sie erm\u00f6glicht. Die durch den Cookie erzeugten Informationen \u00fcber Ihre Benutzung diese Website (einschlie\u00dflich Ihrer IP-Adresse) wird an einen Server von Google in den USA \u00fcbertragen und dort gespeichert. Google wird diese Informationen benutzen, um Ihre Nutzung der Website auszuwerten, um Reports \u00fcber die Websiteaktivit\u00e4ten f\u00fcr die Websitebetreiber zusammenzustellen und um weitere mit der Websitenutzung und der Internetnutzung verbundene Dienstleistungen zu erbringen. Auch wird Google diese Informationen gegebenenfalls an Dritte \u00fcbertragen, sofern dies gesetzlich vorgeschrieben oder soweit Dritte diese Daten im Auftrag von Google verarbeiten. Google wird in keinem Fall Ihre IP-Adresse mit anderen Daten der Google in Verbindung bringen. Sie k\u00f6nnen die Installation der Cookies durch eine entsprechende Einstellung Ihrer Browser Software verhindern; wir weisen Sie jedoch darauf hin, dass Sie in diesem Fall gegebenenfalls nicht s\u00e4mtliche Funktionen dieser Website voll umf\u00e4nglich nutzen k\u00f6nnen. Durch die Nutzung dieser Website erkl\u00e4ren Sie sich mit der Bearbeitung der \u00fcber Sie erhobenen Daten durch Google in der zuvor beschriebenen Art und Weise und zu dem zuvor benannten Zweck einverstanden. Der Datenerhebung und -speicherung kann jederzeit mit Wirkung f\u00fcr die Zukunft widersprochen\u00a0 werden. Angesichts der Diskussion um den Einsatz von Analysetools mit vollst\u00e4ndigen IP-Adressen m\u00f6chten wir darauf hinweisen, dass diese Website Google Analytics mit der Erweiterung &#8222;_anonymizeIp()&#8220; verwendet und daher IP-Adressen nur gek\u00fcrzt weiterverarbeitet werden, um eine direkte Personenbeziehbarkeit auszuschlie\u00dfen.<\/p><h4><strong>Ihr Vertrauen ist uns wichtig!<\/strong><\/h4><p class=\"information\">Daher m\u00f6chten wir Sie jederzeit Rede und Antwort bez\u00fcglich der Verarbeitung Ihrer personenbezogenen Daten stehen. Wenn Sie Fragen haben, die Ihnen diese Datenschutzerkl\u00e4rung nicht beantworten konnte oder wenn Sie zu einem Punkt tiefergehende Informationen w\u00fcnschen, wenden Sie sich bitte jederzeit an uns.<\/p>\t\t\t\t\t\t\t\t<\/div>\n\t\t\t\t<\/div>\n\t\t\t\t\t<\/div>\n\t\t\t\t<\/div>\n\t\t\t\t<\/div>","protected":false},"excerpt":{"rendered":"<p>S\u00e4mtliche auf unserer Website erhobenen pers\u00f6nlichen Daten werden ausschlie\u00dflich zu Ihrer individuellen Betreuung gespeichert und verarbeitet. Wir sichern zu, dass Ihre Angaben entsprechend den geltenden datenschutzrechtlichen Bestimmungen vertraulich behandelt und nicht an Dritte weitergegeben werden. Datenerhebung und Speicherung Jeder Webserver registriert automatisch Zugriffe auf die Websites. Beim Besuch der Seite speichert der Webserver unseres Hosters [&hellip;]<\/p>","protected":false},"author":1,"featured_media":0,"parent":0,"menu_order":0,"comment_status":"closed","ping_status":"closed","template":"","meta":{"footnotes":""},"class_list":["post-433","page","type-page","status-publish","hentry"],"yoast_head":"<!-- This site is optimized with the Yoast SEO plugin v27.3 - https:\/\/yoast.com\/product\/yoast-seo-wordpress\/ -->\n<title>Datenschutz - Christine Hofstetter<\/title>\n<meta name=\"robots\" content=\"index, follow, max-snippet:-1, max-image-preview:large, max-video-preview:-1\" \/>\n<link rel=\"canonical\" href=\"https:\/\/christinehofstetter.ch\/en\/datenschutz\/\" \/>\n<meta property=\"og:locale\" content=\"en_GB\" \/>\n<meta property=\"og:type\" content=\"article\" \/>\n<meta property=\"og:title\" content=\"Datenschutz - Christine Hofstetter\" \/>\n<meta property=\"og:description\" content=\"S\u00e4mtliche auf unserer Website erhobenen pers\u00f6nlichen Daten werden ausschlie\u00dflich zu Ihrer individuellen Betreuung gespeichert und verarbeitet. Wir sichern zu, dass Ihre Angaben entsprechend den geltenden datenschutzrechtlichen Bestimmungen vertraulich behandelt und nicht an Dritte weitergegeben werden. Datenerhebung und Speicherung Jeder Webserver registriert automatisch Zugriffe auf die Websites. Beim Besuch der Seite speichert der Webserver unseres Hosters [&hellip;]\" \/>\n<meta property=\"og:url\" content=\"https:\/\/christinehofstetter.ch\/en\/datenschutz\/\" \/>\n<meta property=\"og:site_name\" content=\"Christine Hofstetter\" \/>\n<meta property=\"article:modified_time\" content=\"2023-11-15T12:16:04+00:00\" \/>\n<meta name=\"twitter:card\" content=\"summary_large_image\" \/>\n<meta name=\"twitter:label1\" content=\"Estimated reading time\" \/>\n\t<meta name=\"twitter:data1\" content=\"3 minutes\" \/>\n<script type=\"application\/ld+json\" class=\"yoast-schema-graph\">{\"@context\":\"https:\\\/\\\/schema.org\",\"@graph\":[{\"@type\":\"WebPage\",\"@id\":\"https:\\\/\\\/christinehofstetter.ch\\\/datenschutz\\\/\",\"url\":\"https:\\\/\\\/christinehofstetter.ch\\\/datenschutz\\\/\",\"name\":\"Datenschutz - Christine Hofstetter\",\"isPartOf\":{\"@id\":\"https:\\\/\\\/christinehofstetter.ch\\\/#website\"},\"datePublished\":\"2023-11-15T12:14:39+00:00\",\"dateModified\":\"2023-11-15T12:16:04+00:00\",\"breadcrumb\":{\"@id\":\"https:\\\/\\\/christinehofstetter.ch\\\/datenschutz\\\/#breadcrumb\"},\"inLanguage\":\"en-GB\",\"potentialAction\":[{\"@type\":\"ReadAction\",\"target\":[\"https:\\\/\\\/christinehofstetter.ch\\\/datenschutz\\\/\"]}]},{\"@type\":\"BreadcrumbList\",\"@id\":\"https:\\\/\\\/christinehofstetter.ch\\\/datenschutz\\\/#breadcrumb\",\"itemListElement\":[{\"@type\":\"ListItem\",\"position\":1,\"name\":\"Startseite\",\"item\":\"https:\\\/\\\/christinehofstetter.ch\\\/\"},{\"@type\":\"ListItem\",\"position\":2,\"name\":\"Datenschutz\"}]},{\"@type\":\"WebSite\",\"@id\":\"https:\\\/\\\/christinehofstetter.ch\\\/#website\",\"url\":\"https:\\\/\\\/christinehofstetter.ch\\\/\",\"name\":\"Christine Hofstetter\",\"description\":\"Wenn Entscheidungen anstehen\",\"publisher\":{\"@id\":\"https:\\\/\\\/christinehofstetter.ch\\\/#organization\"},\"potentialAction\":[{\"@type\":\"SearchAction\",\"target\":{\"@type\":\"EntryPoint\",\"urlTemplate\":\"https:\\\/\\\/christinehofstetter.ch\\\/?s={search_term_string}\"},\"query-input\":{\"@type\":\"PropertyValueSpecification\",\"valueRequired\":true,\"valueName\":\"search_term_string\"}}],\"inLanguage\":\"en-GB\"},{\"@type\":\"Organization\",\"@id\":\"https:\\\/\\\/christinehofstetter.ch\\\/#organization\",\"name\":\"Christine Hofstetter\",\"url\":\"https:\\\/\\\/christinehofstetter.ch\\\/\",\"logo\":{\"@type\":\"ImageObject\",\"inLanguage\":\"en-GB\",\"@id\":\"https:\\\/\\\/christinehofstetter.ch\\\/#\\\/schema\\\/logo\\\/image\\\/\",\"url\":\"https:\\\/\\\/christinehofstetter.ch\\\/wp-content\\\/uploads\\\/2023\\\/11\\\/Logo_CH.jpg\",\"contentUrl\":\"https:\\\/\\\/christinehofstetter.ch\\\/wp-content\\\/uploads\\\/2023\\\/11\\\/Logo_CH.jpg\",\"width\":849,\"height\":384,\"caption\":\"Christine Hofstetter\"},\"image\":{\"@id\":\"https:\\\/\\\/christinehofstetter.ch\\\/#\\\/schema\\\/logo\\\/image\\\/\"}}]}<\/script>\n<!-- \/ Yoast SEO plugin. -->","yoast_head_json":{"title":"Datenschutz - Christine Hofstetter","robots":{"index":"index","follow":"follow","max-snippet":"max-snippet:-1","max-image-preview":"max-image-preview:large","max-video-preview":"max-video-preview:-1"},"canonical":"https:\/\/christinehofstetter.ch\/en\/datenschutz\/","og_locale":"en_GB","og_type":"article","og_title":"Datenschutz - Christine Hofstetter","og_description":"S\u00e4mtliche auf unserer Website erhobenen pers\u00f6nlichen Daten werden ausschlie\u00dflich zu Ihrer individuellen Betreuung gespeichert und verarbeitet. Wir sichern zu, dass Ihre Angaben entsprechend den geltenden datenschutzrechtlichen Bestimmungen vertraulich behandelt und nicht an Dritte weitergegeben werden. Datenerhebung und Speicherung Jeder Webserver registriert automatisch Zugriffe auf die Websites. Beim Besuch der Seite speichert der Webserver unseres Hosters [&hellip;]","og_url":"https:\/\/christinehofstetter.ch\/en\/datenschutz\/","og_site_name":"Christine Hofstetter","article_modified_time":"2023-11-15T12:16:04+00:00","twitter_card":"summary_large_image","twitter_misc":{"Estimated reading time":"3 minutes"},"schema":{"@context":"https:\/\/schema.org","@graph":[{"@type":"WebPage","@id":"https:\/\/christinehofstetter.ch\/datenschutz\/","url":"https:\/\/christinehofstetter.ch\/datenschutz\/","name":"Datenschutz - Christine Hofstetter","isPartOf":{"@id":"https:\/\/christinehofstetter.ch\/#website"},"datePublished":"2023-11-15T12:14:39+00:00","dateModified":"2023-11-15T12:16:04+00:00","breadcrumb":{"@id":"https:\/\/christinehofstetter.ch\/datenschutz\/#breadcrumb"},"inLanguage":"en-GB","potentialAction":[{"@type":"ReadAction","target":["https:\/\/christinehofstetter.ch\/datenschutz\/"]}]},{"@type":"BreadcrumbList","@id":"https:\/\/christinehofstetter.ch\/datenschutz\/#breadcrumb","itemListElement":[{"@type":"ListItem","position":1,"name":"Startseite","item":"https:\/\/christinehofstetter.ch\/"},{"@type":"ListItem","position":2,"name":"Datenschutz"}]},{"@type":"WebSite","@id":"https:\/\/christinehofstetter.ch\/#website","url":"https:\/\/christinehofstetter.ch\/","name":"Christine Hofstetter","description":"Wenn Entscheidungen anstehen","publisher":{"@id":"https:\/\/christinehofstetter.ch\/#organization"},"potentialAction":[{"@type":"SearchAction","target":{"@type":"EntryPoint","urlTemplate":"https:\/\/christinehofstetter.ch\/?s={search_term_string}"},"query-input":{"@type":"PropertyValueSpecification","valueRequired":true,"valueName":"search_term_string"}}],"inLanguage":"en-GB"},{"@type":"Organization","@id":"https:\/\/christinehofstetter.ch\/#organization","name":"Christine Hofstetter","url":"https:\/\/christinehofstetter.ch\/","logo":{"@type":"ImageObject","inLanguage":"en-GB","@id":"https:\/\/christinehofstetter.ch\/#\/schema\/logo\/image\/","url":"https:\/\/christinehofstetter.ch\/wp-content\/uploads\/2023\/11\/Logo_CH.jpg","contentUrl":"https:\/\/christinehofstetter.ch\/wp-content\/uploads\/2023\/11\/Logo_CH.jpg","width":849,"height":384,"caption":"Christine Hofstetter"},"image":{"@id":"https:\/\/christinehofstetter.ch\/#\/schema\/logo\/image\/"}}]}},"_links":{"self":[{"href":"https:\/\/christinehofstetter.ch\/en\/wp-json\/wp\/v2\/pages\/433","targetHints":{"allow":["GET"]}}],"collection":[{"href":"https:\/\/christinehofstetter.ch\/en\/wp-json\/wp\/v2\/pages"}],"about":[{"href":"https:\/\/christinehofstetter.ch\/en\/wp-json\/wp\/v2\/types\/page"}],"author":[{"embeddable":true,"href":"https:\/\/christinehofstetter.ch\/en\/wp-json\/wp\/v2\/users\/1"}],"replies":[{"embeddable":true,"href":"https:\/\/christinehofstetter.ch\/en\/wp-json\/wp\/v2\/comments?post=433"}],"version-history":[{"count":4,"href":"https:\/\/christinehofstetter.ch\/en\/wp-json\/wp\/v2\/pages\/433\/revisions"}],"predecessor-version":[{"id":437,"href":"https:\/\/christinehofstetter.ch\/en\/wp-json\/wp\/v2\/pages\/433\/revisions\/437"}],"wp:attachment":[{"href":"https:\/\/christinehofstetter.ch\/en\/wp-json\/wp\/v2\/media?parent=433"}],"curies":[{"name":"wp","href":"https:\/\/api.w.org\/{rel}","templated":true}]}}