{"id":427,"date":"2023-11-15T13:12:31","date_gmt":"2023-11-15T12:12:31","guid":{"rendered":"https:\/\/compassionate-morse.176-96-136-90.plesk.page\/?page_id=427"},"modified":"2023-11-15T13:14:09","modified_gmt":"2023-11-15T12:14:09","slug":"impressum","status":"publish","type":"page","link":"https:\/\/christinehofstetter.ch\/en\/impressum\/","title":{"rendered":"Legal Notice"},"content":{"rendered":"<div data-elementor-type=\"wp-page\" data-elementor-id=\"427\" class=\"elementor elementor-427\" data-elementor-post-type=\"page\">\n\t\t\t\t<div class=\"elementor-element elementor-element-73e742a3 e-flex e-con-boxed e-con e-parent\" data-id=\"73e742a3\" data-element_type=\"container\" data-e-type=\"container\">\n\t\t\t\t\t<div class=\"e-con-inner\">\n\t\t\t\t<div class=\"elementor-element elementor-element-689decb3 elementor-widget elementor-widget-heading\" data-id=\"689decb3\" data-element_type=\"widget\" data-e-type=\"widget\" data-widget_type=\"heading.default\">\n\t\t\t\t<div class=\"elementor-widget-container\">\n\t\t\t\t\t<h2 class=\"elementor-heading-title elementor-size-default\">Legal Notice<\/h2>\t\t\t\t<\/div>\n\t\t\t\t<\/div>\n\t\t\t\t<div class=\"elementor-element elementor-element-65453abd elementor-widget elementor-widget-text-editor\" data-id=\"65453abd\" data-element_type=\"widget\" data-e-type=\"widget\" data-widget_type=\"text-editor.default\">\n\t\t\t\t<div class=\"elementor-widget-container\">\n\t\t\t\t\t\t\t\t\t<h4><strong>Haftungsausschluss<\/strong><\/h4><p class=\"information\">Wir \u00fcbernehmen keine Gew\u00e4hr f\u00fcr die Richtigkeit, Vollst\u00e4ndigkeit und Aktualit\u00e4t der angebotenen Informationen. Jegliche Haftung, insbesondere f\u00fcr eventuelle Sch\u00e4den oder Konsequenzen, die durch die Nutzung des Angebots auf unserer Website entstehen, sind ausgeschlossen. Trotz sorgf\u00e4ltiger inhaltlicher Kontrolle \u00fcbernehmen wir auch keine Haftung f\u00fcr die Inhalte externer Links. F\u00fcr den Inhalt der verlinkten Seiten sind ausschlie\u00dflich deren Betreiber verantwortlich. Alle Angaben ohne Gew\u00e4hr.<\/p><h4><strong>Urheberrecht<\/strong><\/h4><p class=\"information\">Alle auf unserer Website ver\u00f6ffentlichten Beitr\u00e4ge und Abbildungen sind urheberrechtlich gesch\u00fctzt. Jede vom Urheberrechtsgesetz nicht zugelassene Verwertung bedarf vorheriger schriftlicher Zustimmung der Anbieter. Dies gilt insbesondere f\u00fcr Vervielf\u00e4ltigung, Bearbeitung, \u00dcbersetzung, Einspeicherung, Verarbeitung bzw. Wiedergabe von Inhalten in Datenbanken oder anderen elektronischen Medien und Systemen. Ausdrucke, Fotokopien und Downloads von Webseiten d\u00fcrfen nur f\u00fcr den pers\u00f6nlichen, privaten und nicht kommerziellen Gebrauch hergestellt werden.<\/p>\t\t\t\t\t\t\t\t<\/div>\n\t\t\t\t<\/div>\n\t\t\t\t\t<\/div>\n\t\t\t\t<\/div>\n\t\t\t\t<\/div>","protected":false},"excerpt":{"rendered":"<p>Haftungsausschluss Wir \u00fcbernehmen keine Gew\u00e4hr f\u00fcr die Richtigkeit, Vollst\u00e4ndigkeit und Aktualit\u00e4t der angebotenen Informationen. Jegliche Haftung, insbesondere f\u00fcr eventuelle Sch\u00e4den oder Konsequenzen, die durch die Nutzung des Angebots auf unserer Website entstehen, sind ausgeschlossen. Trotz sorgf\u00e4ltiger inhaltlicher Kontrolle \u00fcbernehmen wir auch keine Haftung f\u00fcr die Inhalte externer Links. F\u00fcr den Inhalt der verlinkten Seiten sind [&hellip;]<\/p>","protected":false},"author":1,"featured_media":0,"parent":0,"menu_order":0,"comment_status":"closed","ping_status":"closed","template":"","meta":{"footnotes":""},"class_list":["post-427","page","type-page","status-publish","hentry"],"yoast_head":"<!-- This site is optimized with the Yoast SEO plugin v27.3 - https:\/\/yoast.com\/product\/yoast-seo-wordpress\/ -->\n<title>Impressum - Christine Hofstetter<\/title>\n<meta name=\"robots\" content=\"index, follow, max-snippet:-1, max-image-preview:large, max-video-preview:-1\" \/>\n<link rel=\"canonical\" href=\"https:\/\/christinehofstetter.ch\/en\/impressum\/\" \/>\n<meta property=\"og:locale\" content=\"en_GB\" \/>\n<meta property=\"og:type\" content=\"article\" \/>\n<meta property=\"og:title\" content=\"Impressum - Christine Hofstetter\" \/>\n<meta property=\"og:description\" content=\"Haftungsausschluss Wir \u00fcbernehmen keine Gew\u00e4hr f\u00fcr die Richtigkeit, Vollst\u00e4ndigkeit und Aktualit\u00e4t der angebotenen Informationen. Jegliche Haftung, insbesondere f\u00fcr eventuelle Sch\u00e4den oder Konsequenzen, die durch die Nutzung des Angebots auf unserer Website entstehen, sind ausgeschlossen. Trotz sorgf\u00e4ltiger inhaltlicher Kontrolle \u00fcbernehmen wir auch keine Haftung f\u00fcr die Inhalte externer Links. F\u00fcr den Inhalt der verlinkten Seiten sind [&hellip;]\" \/>\n<meta property=\"og:url\" content=\"https:\/\/christinehofstetter.ch\/en\/impressum\/\" \/>\n<meta property=\"og:site_name\" content=\"Christine Hofstetter\" \/>\n<meta property=\"article:modified_time\" content=\"2023-11-15T12:14:09+00:00\" \/>\n<meta name=\"twitter:card\" content=\"summary_large_image\" \/>\n<meta name=\"twitter:label1\" content=\"Estimated reading time\" \/>\n\t<meta name=\"twitter:data1\" content=\"1 minute\" \/>\n<script type=\"application\/ld+json\" class=\"yoast-schema-graph\">{\"@context\":\"https:\\\/\\\/schema.org\",\"@graph\":[{\"@type\":\"WebPage\",\"@id\":\"https:\\\/\\\/christinehofstetter.ch\\\/impressum\\\/\",\"url\":\"https:\\\/\\\/christinehofstetter.ch\\\/impressum\\\/\",\"name\":\"Impressum - Christine Hofstetter\",\"isPartOf\":{\"@id\":\"https:\\\/\\\/christinehofstetter.ch\\\/#website\"},\"datePublished\":\"2023-11-15T12:12:31+00:00\",\"dateModified\":\"2023-11-15T12:14:09+00:00\",\"breadcrumb\":{\"@id\":\"https:\\\/\\\/christinehofstetter.ch\\\/impressum\\\/#breadcrumb\"},\"inLanguage\":\"en-GB\",\"potentialAction\":[{\"@type\":\"ReadAction\",\"target\":[\"https:\\\/\\\/christinehofstetter.ch\\\/impressum\\\/\"]}]},{\"@type\":\"BreadcrumbList\",\"@id\":\"https:\\\/\\\/christinehofstetter.ch\\\/impressum\\\/#breadcrumb\",\"itemListElement\":[{\"@type\":\"ListItem\",\"position\":1,\"name\":\"Startseite\",\"item\":\"https:\\\/\\\/christinehofstetter.ch\\\/\"},{\"@type\":\"ListItem\",\"position\":2,\"name\":\"Impressum\"}]},{\"@type\":\"WebSite\",\"@id\":\"https:\\\/\\\/christinehofstetter.ch\\\/#website\",\"url\":\"https:\\\/\\\/christinehofstetter.ch\\\/\",\"name\":\"Christine Hofstetter\",\"description\":\"Wenn Entscheidungen anstehen\",\"publisher\":{\"@id\":\"https:\\\/\\\/christinehofstetter.ch\\\/#organization\"},\"potentialAction\":[{\"@type\":\"SearchAction\",\"target\":{\"@type\":\"EntryPoint\",\"urlTemplate\":\"https:\\\/\\\/christinehofstetter.ch\\\/?s={search_term_string}\"},\"query-input\":{\"@type\":\"PropertyValueSpecification\",\"valueRequired\":true,\"valueName\":\"search_term_string\"}}],\"inLanguage\":\"en-GB\"},{\"@type\":\"Organization\",\"@id\":\"https:\\\/\\\/christinehofstetter.ch\\\/#organization\",\"name\":\"Christine Hofstetter\",\"url\":\"https:\\\/\\\/christinehofstetter.ch\\\/\",\"logo\":{\"@type\":\"ImageObject\",\"inLanguage\":\"en-GB\",\"@id\":\"https:\\\/\\\/christinehofstetter.ch\\\/#\\\/schema\\\/logo\\\/image\\\/\",\"url\":\"https:\\\/\\\/christinehofstetter.ch\\\/wp-content\\\/uploads\\\/2023\\\/11\\\/Logo_CH.jpg\",\"contentUrl\":\"https:\\\/\\\/christinehofstetter.ch\\\/wp-content\\\/uploads\\\/2023\\\/11\\\/Logo_CH.jpg\",\"width\":849,\"height\":384,\"caption\":\"Christine Hofstetter\"},\"image\":{\"@id\":\"https:\\\/\\\/christinehofstetter.ch\\\/#\\\/schema\\\/logo\\\/image\\\/\"}}]}<\/script>\n<!-- \/ Yoast SEO plugin. -->","yoast_head_json":{"title":"Impressum - Christine Hofstetter","robots":{"index":"index","follow":"follow","max-snippet":"max-snippet:-1","max-image-preview":"max-image-preview:large","max-video-preview":"max-video-preview:-1"},"canonical":"https:\/\/christinehofstetter.ch\/en\/impressum\/","og_locale":"en_GB","og_type":"article","og_title":"Impressum - Christine Hofstetter","og_description":"Haftungsausschluss Wir \u00fcbernehmen keine Gew\u00e4hr f\u00fcr die Richtigkeit, Vollst\u00e4ndigkeit und Aktualit\u00e4t der angebotenen Informationen. Jegliche Haftung, insbesondere f\u00fcr eventuelle Sch\u00e4den oder Konsequenzen, die durch die Nutzung des Angebots auf unserer Website entstehen, sind ausgeschlossen. Trotz sorgf\u00e4ltiger inhaltlicher Kontrolle \u00fcbernehmen wir auch keine Haftung f\u00fcr die Inhalte externer Links. F\u00fcr den Inhalt der verlinkten Seiten sind [&hellip;]","og_url":"https:\/\/christinehofstetter.ch\/en\/impressum\/","og_site_name":"Christine Hofstetter","article_modified_time":"2023-11-15T12:14:09+00:00","twitter_card":"summary_large_image","twitter_misc":{"Estimated reading time":"1 minute"},"schema":{"@context":"https:\/\/schema.org","@graph":[{"@type":"WebPage","@id":"https:\/\/christinehofstetter.ch\/impressum\/","url":"https:\/\/christinehofstetter.ch\/impressum\/","name":"Impressum - Christine Hofstetter","isPartOf":{"@id":"https:\/\/christinehofstetter.ch\/#website"},"datePublished":"2023-11-15T12:12:31+00:00","dateModified":"2023-11-15T12:14:09+00:00","breadcrumb":{"@id":"https:\/\/christinehofstetter.ch\/impressum\/#breadcrumb"},"inLanguage":"en-GB","potentialAction":[{"@type":"ReadAction","target":["https:\/\/christinehofstetter.ch\/impressum\/"]}]},{"@type":"BreadcrumbList","@id":"https:\/\/christinehofstetter.ch\/impressum\/#breadcrumb","itemListElement":[{"@type":"ListItem","position":1,"name":"Startseite","item":"https:\/\/christinehofstetter.ch\/"},{"@type":"ListItem","position":2,"name":"Impressum"}]},{"@type":"WebSite","@id":"https:\/\/christinehofstetter.ch\/#website","url":"https:\/\/christinehofstetter.ch\/","name":"Christine Hofstetter","description":"Wenn Entscheidungen anstehen","publisher":{"@id":"https:\/\/christinehofstetter.ch\/#organization"},"potentialAction":[{"@type":"SearchAction","target":{"@type":"EntryPoint","urlTemplate":"https:\/\/christinehofstetter.ch\/?s={search_term_string}"},"query-input":{"@type":"PropertyValueSpecification","valueRequired":true,"valueName":"search_term_string"}}],"inLanguage":"en-GB"},{"@type":"Organization","@id":"https:\/\/christinehofstetter.ch\/#organization","name":"Christine Hofstetter","url":"https:\/\/christinehofstetter.ch\/","logo":{"@type":"ImageObject","inLanguage":"en-GB","@id":"https:\/\/christinehofstetter.ch\/#\/schema\/logo\/image\/","url":"https:\/\/christinehofstetter.ch\/wp-content\/uploads\/2023\/11\/Logo_CH.jpg","contentUrl":"https:\/\/christinehofstetter.ch\/wp-content\/uploads\/2023\/11\/Logo_CH.jpg","width":849,"height":384,"caption":"Christine Hofstetter"},"image":{"@id":"https:\/\/christinehofstetter.ch\/#\/schema\/logo\/image\/"}}]}},"_links":{"self":[{"href":"https:\/\/christinehofstetter.ch\/en\/wp-json\/wp\/v2\/pages\/427","targetHints":{"allow":["GET"]}}],"collection":[{"href":"https:\/\/christinehofstetter.ch\/en\/wp-json\/wp\/v2\/pages"}],"about":[{"href":"https:\/\/christinehofstetter.ch\/en\/wp-json\/wp\/v2\/types\/page"}],"author":[{"embeddable":true,"href":"https:\/\/christinehofstetter.ch\/en\/wp-json\/wp\/v2\/users\/1"}],"replies":[{"embeddable":true,"href":"https:\/\/christinehofstetter.ch\/en\/wp-json\/wp\/v2\/comments?post=427"}],"version-history":[{"count":4,"href":"https:\/\/christinehofstetter.ch\/en\/wp-json\/wp\/v2\/pages\/427\/revisions"}],"predecessor-version":[{"id":431,"href":"https:\/\/christinehofstetter.ch\/en\/wp-json\/wp\/v2\/pages\/427\/revisions\/431"}],"wp:attachment":[{"href":"https:\/\/christinehofstetter.ch\/en\/wp-json\/wp\/v2\/media?parent=427"}],"curies":[{"name":"wp","href":"https:\/\/api.w.org\/{rel}","templated":true}]}}