{"id":23,"date":"2023-11-09T11:34:19","date_gmt":"2023-11-09T10:34:19","guid":{"rendered":"https:\/\/compassionate-morse.176-96-136-90.plesk.page\/?page_id=23"},"modified":"2023-11-17T11:47:22","modified_gmt":"2023-11-17T10:47:22","slug":"profil","status":"publish","type":"page","link":"https:\/\/christinehofstetter.ch\/en\/profil\/","title":{"rendered":"Biography"},"content":{"rendered":"<div data-elementor-type=\"wp-page\" data-elementor-id=\"23\" class=\"elementor elementor-23\" data-elementor-post-type=\"page\">\n\t\t\t\t<div class=\"elementor-element elementor-element-52e0ddbd e-flex e-con-boxed e-con e-parent\" data-id=\"52e0ddbd\" data-element_type=\"container\" data-e-type=\"container\">\n\t\t\t\t\t<div class=\"e-con-inner\">\n\t\t\t\t<div class=\"elementor-element elementor-element-10ad68f elementor-widget elementor-widget-heading\" data-id=\"10ad68f\" data-element_type=\"widget\" data-e-type=\"widget\" data-widget_type=\"heading.default\">\n\t\t\t\t<div class=\"elementor-widget-container\">\n\t\t\t\t\t<h2 class=\"elementor-heading-title elementor-size-default\">MY STORY.<\/h2>\t\t\t\t<\/div>\n\t\t\t\t<\/div>\n\t\t\t\t<div class=\"elementor-element elementor-element-1e3598ee elementor-widget elementor-widget-heading\" data-id=\"1e3598ee\" data-element_type=\"widget\" data-e-type=\"widget\" data-widget_type=\"heading.default\">\n\t\t\t\t<div class=\"elementor-widget-container\">\n\t\t\t\t\t<h2 class=\"elementor-heading-title elementor-size-default\">A JOURNEY FULL OF DECISIONS.<\/h2>\t\t\t\t<\/div>\n\t\t\t\t<\/div>\n\t\t<div class=\"elementor-element elementor-element-44bd3b3f e-flex e-con-boxed e-con e-child\" data-id=\"44bd3b3f\" data-element_type=\"container\" data-e-type=\"container\">\n\t\t\t\t\t<div class=\"e-con-inner\">\n\t\t\t\t<div class=\"elementor-element elementor-element-2bebf326 elementor-widget elementor-widget-text-editor\" data-id=\"2bebf326\" data-element_type=\"widget\" data-e-type=\"widget\" data-widget_type=\"text-editor.default\">\n\t\t\t\t<div class=\"elementor-widget-container\">\n\t\t\t\t\t\t\t\t\t<p>It all started when I was around 10 years old and forged the dream of going to France after finishing school.The remarkable thing was the dream changed into certainty long before it was realised. After my high school leaving exams the inevitable took its course \u2013 a year in France as a volunteer in a Christian guesthouse and several months in the South of Italy helping in a handweaver\u2019s workshop. After a training course to become a foreign language business secretary, a job came up as a technical translator in Paris.<\/p><p>All good, you might have thought. It was in the beginning, but after five years I asked myself if this was really the fulfillment of my initial life\u2019s dream and came to the conclusion that an \u201eintellectual production line\u201c  didn\u2019t fulfill my wish for a creative occupation in combination with my best talent \u2013 handling figures. A time of doubt and searching followed and another door opened: the possibility of a University course in Economics, on the second chance education. After the two year foundation course I got the chance to study at the famous Grande \u00c9cole \u201eSup de Co de Paris\u201c. I lived 3 lovely, exciting student years, including a term at the University of St Gallen and a 2 month internship at Henkel Co. KG in Switzerland.<br><br>\n\nWhilst I was a student sport played an important role. With some of my fellow students I trained in women\u2019s rowing eights and took part in prestigious competitions such as the French University championships as well as an international championship on the Versailles Canal against Oxford and Cambridge.<\/p><p>In 1996 I graduated from the der \u00c9cole Sup\u00e9rieure de Commerce de Paris in Economics majoring in Strategy and Finance. Once again there was the question of which country to start my professional career in. Paris, France appeared less suitable as it couldn\u2019t offer a fitting framework for my son who had been born in the meantime. Also, in the French world of employment success depended on one\u2019s solitary efforts and not on a consensus or teamwork as in the protestant influenced countries of Germany and Switzerland.<\/p>\t\t\t\t\t\t\t\t<\/div>\n\t\t\t\t<\/div>\n\t\t\t\t\t<\/div>\n\t\t\t\t<\/div>\n\t\t\t\t<div class=\"elementor-element elementor-element-71f907c8 elementor-widget elementor-widget-heading\" data-id=\"71f907c8\" data-element_type=\"widget\" data-e-type=\"widget\" data-widget_type=\"heading.default\">\n\t\t\t\t<div class=\"elementor-widget-container\">\n\t\t\t\t\t<h2 class=\"elementor-heading-title elementor-size-default\">Life's Turning Points<\/h2>\t\t\t\t<\/div>\n\t\t\t\t<\/div>\n\t\t\t\t<div class=\"elementor-element elementor-element-3117ff5 elementor-widget elementor-widget-text-editor\" data-id=\"3117ff5\" data-element_type=\"widget\" data-e-type=\"widget\" data-widget_type=\"text-editor.default\">\n\t\t\t\t<div class=\"elementor-widget-container\">\n\t\t\t\t\t\t\t\t\t<p>I thus went to D\u00fcsseldorf to help with the establishment of a Startup, a branch of a japanese company overseen by the European main office in France. What was required were knowledge of foreign languages, a person used to the routine day to day work of the company and a conceptual thinker for future strategic decisions. I stayed for eight years at Ryobi Technologies GmbH, was promoted from initial Administration Manager to Finance Manager. In 2004 the job came to a sudden end, due to the restructuring of the branch and the merger of the Finance Department with another subsidiary. A blow at the time, but a stroke of luck in hindsight.<\/p><p>After two years of project team work with DKV Euroservices Co. KG to establish a new company in the Netherlands, I got a sudden and unexpected offer from Switzerland at the beginning of 2007, for a Finance Manager in the EMEA head office of the American petrol engine manufacturers Briggs &amp;Stratton. I had to make the decision in less than two weeks and in less than two months it meant transplanting the whole family. I needed to find a suitable place to live, that was within reach of nursery and primary schools as well as childcare establishments. The challenge was taken up and the goal was reached.<\/p><p>The sale of a terraced house in D\u00fcsseldorf took a little longer, but this was also successfully accomplished in the same year on the previously set terms. A new life began in Switzerland after 10 years in Paris and 10 years in D\u00fcsseldorf. Professionally there was another change after two years with Briggs&amp;Stratton. Looking for closer contact with customers and the day to day business, I changed to ADP Dealer Services Switzerland GmbH as the manager of Finance &amp; Administration.<\/p>\t\t\t\t\t\t\t\t<\/div>\n\t\t\t\t<\/div>\n\t\t\t\t<div class=\"elementor-element elementor-element-07177c8 elementor-widget elementor-widget-heading\" data-id=\"07177c8\" data-element_type=\"widget\" data-e-type=\"widget\" data-widget_type=\"heading.default\">\n\t\t\t\t<div class=\"elementor-widget-container\">\n\t\t\t\t\t<h2 class=\"elementor-heading-title elementor-size-default\">A Homebase in Life<\/h2>\t\t\t\t<\/div>\n\t\t\t\t<\/div>\n\t\t\t\t<div class=\"elementor-element elementor-element-aaca999 elementor-widget elementor-widget-text-editor\" data-id=\"aaca999\" data-element_type=\"widget\" data-e-type=\"widget\" data-widget_type=\"text-editor.default\">\n\t\t\t\t<div class=\"elementor-widget-container\">\n\t\t\t\t\t\t\t\t\t<p>After a few years in Switzerland I again felt a desire for my own property. The conditions for finding an affordable property without the required capital deposit in highly priced Switzerland looked bad. A strategic plan was necessary. Straight away the key figures were worked through with my bank. A successfully rented property in Paris was to be sold, to generate the necessary deposit. In order to avoid putting the current tenant in difficulties the project was discussed with him as soon as possible and he was offered the flat at a fair price. When he turned the offer down the best possible price was obtained on the free property market. At the same time a systematic search for available properties around Obersee\/Z\u00fcrichsee began, taking many months, until eventually a suitable property was found in the small town of Wald in the canton of Z\u00fcrich. As the cost effectiveness was right, it was decided on the compromise of leaving the immediate lake-shore of Lachen. A mistake, as was to emerge later. The closer the moving date got, the more unconfortable family members felt about it. They were uneasy and not coping well with the thought of yet another change in their social environment.<\/p><p>Things turned out differently. Two days after the exchange of contracts a terraced property in Lachen \u201efell from the sky\u201c and within two further days we settled with the sellers and the bank. What outwardly looks like a knee-jerk reaction was part of a well thought through financial plan which always adapted or was adapting itself to the outward conditions. Today the house in Wald is rented out and through good management makes a constant financial return which enables the financing of the property in Lachen. Even though the original strategic plan looked different, all this was only able to be achieved because a plan existed. At the same time I was also sensitive to the wishes and dreams of family members and open to chance.\n\nIn 2012 my job was again subject to restructuring and was consequently dismantled. Again a negative happening was to offer a new chance. During my University studies and many years of professional experience I have learned a great deal about finances and have applied this professionally as well as in my private life. Constant challenges in private and professional circumstances have taught me to make decisions, sometimes in a short space of time but sometimes over a longer period. Most of these decisions were easy to take as I was able to apply my theoretical knowledge to work through and actually take them.<\/p><p>Now I would like to make this knowledge available to people who are facing important decisions in the areas of property (A homebase in Life) pension provision and budget planning (Times of Change in Life) and moving home (Life's Turning Points).<\/p>\t\t\t\t\t\t\t\t<\/div>\n\t\t\t\t<\/div>\n\t\t\t\t\t<\/div>\n\t\t\t\t<\/div>\n\t\t\t\t<\/div>","protected":false},"excerpt":{"rendered":"<p>MEINE GESCHICHTE. EINE REISE VOLL DER ENTSCHEIDUNGEN. Eines vorweg: W\u00e4hrend meines Studiums und meiner mehr als 30-j\u00e4hrigen beruflichen T\u00e4tigkeit lernte ich viel \u00fcber Finanzen. Sehr viel sogar. Fortlaufend erprobte ich mein Wissen in der Praxis, n\u00e4mlich immer dann, wenn ich wieder vor einer beruflichen und privaten Herausforderungen stand. Und davon gab es einige. Dieselben Herausforderungen [&hellip;]<\/p>","protected":false},"author":1,"featured_media":0,"parent":0,"menu_order":0,"comment_status":"closed","ping_status":"closed","template":"","meta":{"footnotes":""},"class_list":["post-23","page","type-page","status-publish","hentry"],"yoast_head":"<!-- This site is optimized with the Yoast SEO plugin v27.4 - https:\/\/yoast.com\/product\/yoast-seo-wordpress\/ -->\n<title>Profil - Christine Hofstetter<\/title>\n<meta name=\"robots\" content=\"index, follow, max-snippet:-1, max-image-preview:large, max-video-preview:-1\" \/>\n<link rel=\"canonical\" href=\"https:\/\/christinehofstetter.ch\/en\/profil\/\" \/>\n<meta property=\"og:locale\" content=\"en_GB\" \/>\n<meta property=\"og:type\" content=\"article\" \/>\n<meta property=\"og:title\" content=\"Profil - Christine Hofstetter\" \/>\n<meta property=\"og:description\" content=\"MEINE GESCHICHTE. EINE REISE VOLL DER ENTSCHEIDUNGEN. Eines vorweg: W\u00e4hrend meines Studiums und meiner mehr als 30-j\u00e4hrigen beruflichen T\u00e4tigkeit lernte ich viel \u00fcber Finanzen. Sehr viel sogar. Fortlaufend erprobte ich mein Wissen in der Praxis, n\u00e4mlich immer dann, wenn ich wieder vor einer beruflichen und privaten Herausforderungen stand. Und davon gab es einige. Dieselben Herausforderungen [&hellip;]\" \/>\n<meta property=\"og:url\" content=\"https:\/\/christinehofstetter.ch\/en\/profil\/\" \/>\n<meta property=\"og:site_name\" content=\"Christine Hofstetter\" \/>\n<meta property=\"article:modified_time\" content=\"2023-11-17T10:47:22+00:00\" \/>\n<meta name=\"twitter:card\" content=\"summary_large_image\" \/>\n<meta name=\"twitter:label1\" content=\"Estimated reading time\" \/>\n\t<meta name=\"twitter:data1\" content=\"5 minutes\" \/>\n<script type=\"application\/ld+json\" class=\"yoast-schema-graph\">{\"@context\":\"https:\\\/\\\/schema.org\",\"@graph\":[{\"@type\":\"WebPage\",\"@id\":\"https:\\\/\\\/christinehofstetter.ch\\\/profil\\\/\",\"url\":\"https:\\\/\\\/christinehofstetter.ch\\\/profil\\\/\",\"name\":\"Profil - Christine Hofstetter\",\"isPartOf\":{\"@id\":\"https:\\\/\\\/christinehofstetter.ch\\\/#website\"},\"datePublished\":\"2023-11-09T10:34:19+00:00\",\"dateModified\":\"2023-11-17T10:47:22+00:00\",\"breadcrumb\":{\"@id\":\"https:\\\/\\\/christinehofstetter.ch\\\/profil\\\/#breadcrumb\"},\"inLanguage\":\"en-GB\",\"potentialAction\":[{\"@type\":\"ReadAction\",\"target\":[\"https:\\\/\\\/christinehofstetter.ch\\\/profil\\\/\"]}]},{\"@type\":\"BreadcrumbList\",\"@id\":\"https:\\\/\\\/christinehofstetter.ch\\\/profil\\\/#breadcrumb\",\"itemListElement\":[{\"@type\":\"ListItem\",\"position\":1,\"name\":\"Startseite\",\"item\":\"https:\\\/\\\/christinehofstetter.ch\\\/\"},{\"@type\":\"ListItem\",\"position\":2,\"name\":\"Profil\"}]},{\"@type\":\"WebSite\",\"@id\":\"https:\\\/\\\/christinehofstetter.ch\\\/#website\",\"url\":\"https:\\\/\\\/christinehofstetter.ch\\\/\",\"name\":\"Christine Hofstetter\",\"description\":\"Wenn Entscheidungen anstehen\",\"publisher\":{\"@id\":\"https:\\\/\\\/christinehofstetter.ch\\\/#organization\"},\"potentialAction\":[{\"@type\":\"SearchAction\",\"target\":{\"@type\":\"EntryPoint\",\"urlTemplate\":\"https:\\\/\\\/christinehofstetter.ch\\\/?s={search_term_string}\"},\"query-input\":{\"@type\":\"PropertyValueSpecification\",\"valueRequired\":true,\"valueName\":\"search_term_string\"}}],\"inLanguage\":\"en-GB\"},{\"@type\":\"Organization\",\"@id\":\"https:\\\/\\\/christinehofstetter.ch\\\/#organization\",\"name\":\"Christine Hofstetter\",\"url\":\"https:\\\/\\\/christinehofstetter.ch\\\/\",\"logo\":{\"@type\":\"ImageObject\",\"inLanguage\":\"en-GB\",\"@id\":\"https:\\\/\\\/christinehofstetter.ch\\\/#\\\/schema\\\/logo\\\/image\\\/\",\"url\":\"https:\\\/\\\/christinehofstetter.ch\\\/wp-content\\\/uploads\\\/2023\\\/11\\\/Logo_CH.jpg\",\"contentUrl\":\"https:\\\/\\\/christinehofstetter.ch\\\/wp-content\\\/uploads\\\/2023\\\/11\\\/Logo_CH.jpg\",\"width\":849,\"height\":384,\"caption\":\"Christine Hofstetter\"},\"image\":{\"@id\":\"https:\\\/\\\/christinehofstetter.ch\\\/#\\\/schema\\\/logo\\\/image\\\/\"}}]}<\/script>\n<!-- \/ Yoast SEO plugin. -->","yoast_head_json":{"title":"Profil - Christine Hofstetter","robots":{"index":"index","follow":"follow","max-snippet":"max-snippet:-1","max-image-preview":"max-image-preview:large","max-video-preview":"max-video-preview:-1"},"canonical":"https:\/\/christinehofstetter.ch\/en\/profil\/","og_locale":"en_GB","og_type":"article","og_title":"Profil - Christine Hofstetter","og_description":"MEINE GESCHICHTE. EINE REISE VOLL DER ENTSCHEIDUNGEN. Eines vorweg: W\u00e4hrend meines Studiums und meiner mehr als 30-j\u00e4hrigen beruflichen T\u00e4tigkeit lernte ich viel \u00fcber Finanzen. Sehr viel sogar. Fortlaufend erprobte ich mein Wissen in der Praxis, n\u00e4mlich immer dann, wenn ich wieder vor einer beruflichen und privaten Herausforderungen stand. Und davon gab es einige. Dieselben Herausforderungen [&hellip;]","og_url":"https:\/\/christinehofstetter.ch\/en\/profil\/","og_site_name":"Christine Hofstetter","article_modified_time":"2023-11-17T10:47:22+00:00","twitter_card":"summary_large_image","twitter_misc":{"Estimated reading time":"5 minutes"},"schema":{"@context":"https:\/\/schema.org","@graph":[{"@type":"WebPage","@id":"https:\/\/christinehofstetter.ch\/profil\/","url":"https:\/\/christinehofstetter.ch\/profil\/","name":"Profil - Christine Hofstetter","isPartOf":{"@id":"https:\/\/christinehofstetter.ch\/#website"},"datePublished":"2023-11-09T10:34:19+00:00","dateModified":"2023-11-17T10:47:22+00:00","breadcrumb":{"@id":"https:\/\/christinehofstetter.ch\/profil\/#breadcrumb"},"inLanguage":"en-GB","potentialAction":[{"@type":"ReadAction","target":["https:\/\/christinehofstetter.ch\/profil\/"]}]},{"@type":"BreadcrumbList","@id":"https:\/\/christinehofstetter.ch\/profil\/#breadcrumb","itemListElement":[{"@type":"ListItem","position":1,"name":"Startseite","item":"https:\/\/christinehofstetter.ch\/"},{"@type":"ListItem","position":2,"name":"Profil"}]},{"@type":"WebSite","@id":"https:\/\/christinehofstetter.ch\/#website","url":"https:\/\/christinehofstetter.ch\/","name":"Christine Hofstetter","description":"Wenn Entscheidungen anstehen","publisher":{"@id":"https:\/\/christinehofstetter.ch\/#organization"},"potentialAction":[{"@type":"SearchAction","target":{"@type":"EntryPoint","urlTemplate":"https:\/\/christinehofstetter.ch\/?s={search_term_string}"},"query-input":{"@type":"PropertyValueSpecification","valueRequired":true,"valueName":"search_term_string"}}],"inLanguage":"en-GB"},{"@type":"Organization","@id":"https:\/\/christinehofstetter.ch\/#organization","name":"Christine Hofstetter","url":"https:\/\/christinehofstetter.ch\/","logo":{"@type":"ImageObject","inLanguage":"en-GB","@id":"https:\/\/christinehofstetter.ch\/#\/schema\/logo\/image\/","url":"https:\/\/christinehofstetter.ch\/wp-content\/uploads\/2023\/11\/Logo_CH.jpg","contentUrl":"https:\/\/christinehofstetter.ch\/wp-content\/uploads\/2023\/11\/Logo_CH.jpg","width":849,"height":384,"caption":"Christine Hofstetter"},"image":{"@id":"https:\/\/christinehofstetter.ch\/#\/schema\/logo\/image\/"}}]}},"_links":{"self":[{"href":"https:\/\/christinehofstetter.ch\/en\/wp-json\/wp\/v2\/pages\/23","targetHints":{"allow":["GET"]}}],"collection":[{"href":"https:\/\/christinehofstetter.ch\/en\/wp-json\/wp\/v2\/pages"}],"about":[{"href":"https:\/\/christinehofstetter.ch\/en\/wp-json\/wp\/v2\/types\/page"}],"author":[{"embeddable":true,"href":"https:\/\/christinehofstetter.ch\/en\/wp-json\/wp\/v2\/users\/1"}],"replies":[{"embeddable":true,"href":"https:\/\/christinehofstetter.ch\/en\/wp-json\/wp\/v2\/comments?post=23"}],"version-history":[{"count":19,"href":"https:\/\/christinehofstetter.ch\/en\/wp-json\/wp\/v2\/pages\/23\/revisions"}],"predecessor-version":[{"id":656,"href":"https:\/\/christinehofstetter.ch\/en\/wp-json\/wp\/v2\/pages\/23\/revisions\/656"}],"wp:attachment":[{"href":"https:\/\/christinehofstetter.ch\/en\/wp-json\/wp\/v2\/media?parent=23"}],"curies":[{"name":"wp","href":"https:\/\/api.w.org\/{rel}","templated":true}]}}