{"id":19,"date":"2023-11-09T11:33:58","date_gmt":"2023-11-09T10:33:58","guid":{"rendered":"https:\/\/compassionate-morse.176-96-136-90.plesk.page\/?page_id=19"},"modified":"2023-11-17T11:46:13","modified_gmt":"2023-11-17T10:46:13","slug":"selbstaendigkeit","status":"publish","type":"page","link":"https:\/\/christinehofstetter.ch\/en\/coaching\/selbstaendigkeit\/","title":{"rendered":"INDEPENDENCE"},"content":{"rendered":"<div data-elementor-type=\"wp-page\" data-elementor-id=\"19\" class=\"elementor elementor-19\" data-elementor-post-type=\"page\">\n\t\t\t\t<div class=\"elementor-element elementor-element-620ecfc8 e-flex e-con-boxed e-con e-parent\" data-id=\"620ecfc8\" data-element_type=\"container\" data-e-type=\"container\">\n\t\t\t\t\t<div class=\"e-con-inner\">\n\t\t\t\t<div class=\"elementor-element elementor-element-3de03c7a elementor-widget elementor-widget-heading\" data-id=\"3de03c7a\" data-element_type=\"widget\" data-e-type=\"widget\" data-widget_type=\"heading.default\">\n\t\t\t\t<div class=\"elementor-widget-container\">\n\t\t\t\t\t<h2 class=\"elementor-heading-title elementor-size-default\">LIFE'S TURNING POINTS.<\/h2>\t\t\t\t<\/div>\n\t\t\t\t<\/div>\n\t\t\t\t<div class=\"elementor-element elementor-element-49e4dcbb elementor-widget elementor-widget-heading\" data-id=\"49e4dcbb\" data-element_type=\"widget\" data-e-type=\"widget\" data-widget_type=\"heading.default\">\n\t\t\t\t<div class=\"elementor-widget-container\">\n\t\t\t\t\t<h2 class=\"elementor-heading-title elementor-size-default\">TIMES OF CHANGE AND VARIETY.<\/h2>\t\t\t\t<\/div>\n\t\t\t\t<\/div>\n\t\t<div class=\"elementor-element elementor-element-52efaed5 e-flex e-con-boxed e-con e-child\" data-id=\"52efaed5\" data-element_type=\"container\" data-e-type=\"container\">\n\t\t\t\t\t<div class=\"e-con-inner\">\n\t\t\t\t<div class=\"elementor-element elementor-element-7fd397e elementor-widget__width-initial elementor-widget elementor-widget-text-editor\" data-id=\"7fd397e\" data-element_type=\"widget\" data-e-type=\"widget\" data-widget_type=\"text-editor.default\">\n\t\t\t\t<div class=\"elementor-widget-container\">\n\t\t\t\t\t\t\t\t\t<div class=\"flex-gt-sm-50 hm-row\"><div class=\"hm-row-inside\"><div class=\"ce_text block\"><p><b>Do you want to start your own business?<\/b><\/p><p>Let's work together to prepare a viable basis for decision-making on the following topics and plan a functional implementation.<\/p><ul><li>Which legal status fits best to your business idea, with the according impact on\nfinancial and tax requirements?<\/li><li>If it is better to maintain your financial accounting\/planning on your own and if yes how?<\/li><li>Which insurance policies do you have to take out and what do you have to do in order not to neglect occupational pension provision?<\/li><\/ul><\/div><\/div><\/div>\t\t\t\t\t\t\t\t<\/div>\n\t\t\t\t<\/div>\n\t\t\t\t<div class=\"elementor-element elementor-element-4a431397 elementor-widget elementor-widget-image\" data-id=\"4a431397\" data-element_type=\"widget\" data-e-type=\"widget\" data-widget_type=\"image.default\">\n\t\t\t\t<div class=\"elementor-widget-container\">\n\t\t\t\t\t\t\t\t\t\t\t\t\t\t\t<img fetchpriority=\"high\" decoding=\"async\" width=\"800\" height=\"800\" src=\"https:\/\/christinehofstetter.ch\/wp-content\/uploads\/2023\/11\/christine-1123-Edit-Edit-1024x1024.jpg\" class=\"attachment-large size-large wp-image-175\" alt=\"\" srcset=\"https:\/\/christinehofstetter.ch\/wp-content\/uploads\/2023\/11\/christine-1123-Edit-Edit-1024x1024.jpg 1024w, https:\/\/christinehofstetter.ch\/wp-content\/uploads\/2023\/11\/christine-1123-Edit-Edit-300x300.jpg 300w, https:\/\/christinehofstetter.ch\/wp-content\/uploads\/2023\/11\/christine-1123-Edit-Edit-150x150.jpg 150w, https:\/\/christinehofstetter.ch\/wp-content\/uploads\/2023\/11\/christine-1123-Edit-Edit-768x768.jpg 768w, https:\/\/christinehofstetter.ch\/wp-content\/uploads\/2023\/11\/christine-1123-Edit-Edit-1536x1536.jpg 1536w, https:\/\/christinehofstetter.ch\/wp-content\/uploads\/2023\/11\/christine-1123-Edit-Edit-2048x2048.jpg 2048w\" sizes=\"(max-width: 800px) 100vw, 800px\" \/>\t\t\t\t\t\t\t\t\t\t\t\t\t\t\t<\/div>\n\t\t\t\t<\/div>\n\t\t\t\t\t<\/div>\n\t\t\t\t<\/div>\n\t\t\t\t\t<\/div>\n\t\t\t\t<\/div>\n\t\t<div class=\"elementor-element elementor-element-37ccbb26 e-flex e-con-boxed e-con e-parent\" data-id=\"37ccbb26\" data-element_type=\"container\" data-e-type=\"container\" data-settings=\"{&quot;background_background&quot;:&quot;classic&quot;}\">\n\t\t\t\t\t<div class=\"e-con-inner\">\n\t\t\t\t<div class=\"elementor-element elementor-element-216e9414 elementor-widget elementor-widget-heading\" data-id=\"216e9414\" data-element_type=\"widget\" data-e-type=\"widget\" data-widget_type=\"heading.default\">\n\t\t\t\t<div class=\"elementor-widget-container\">\n\t\t\t\t\t<h2 class=\"elementor-heading-title elementor-size-default\">Schedule an appointment<\/h2>\t\t\t\t<\/div>\n\t\t\t\t<\/div>\n\t\t\t\t<div class=\"elementor-element elementor-element-7f0b319c elementor-icon-list--layout-inline elementor-align-center elementor-list-item-link-full_width elementor-widget elementor-widget-icon-list\" data-id=\"7f0b319c\" data-element_type=\"widget\" data-e-type=\"widget\" data-widget_type=\"icon-list.default\">\n\t\t\t\t<div class=\"elementor-widget-container\">\n\t\t\t\t\t\t\t<ul class=\"elementor-icon-list-items elementor-inline-items\">\n\t\t\t\t\t\t\t<li class=\"elementor-icon-list-item elementor-inline-item\">\n\t\t\t\t\t\t\t\t\t\t\t<a href=\"tel:+41762186595\">\n\n\t\t\t\t\t\t\t\t\t\t\t\t<span class=\"elementor-icon-list-icon\">\n\t\t\t\t\t\t\t<svg aria-hidden=\"true\" class=\"e-font-icon-svg e-fas-phone-alt\" viewbox=\"0 0 512 512\" xmlns=\"http:\/\/www.w3.org\/2000\/svg\"><path d=\"M497.39 361.8l-112-48a24 24 0 0 0-28 6.9l-49.6 60.6A370.66 370.66 0 0 1 130.6 204.11l60.6-49.6a23.94 23.94 0 0 0 6.9-28l-48-112A24.16 24.16 0 0 0 122.6.61l-104 24A24 24 0 0 0 0 48c0 256.5 207.9 464 464 464a24 24 0 0 0 23.4-18.6l24-104a24.29 24.29 0 0 0-14.01-27.6z\"><\/path><\/svg>\t\t\t\t\t\t<\/span>\n\t\t\t\t\t\t\t\t\t\t<span class=\"elementor-icon-list-text\">076 218 65 95<\/span>\n\t\t\t\t\t\t\t\t\t\t\t<\/a>\n\t\t\t\t\t\t\t\t\t<\/li>\n\t\t\t\t\t\t\t\t<li class=\"elementor-icon-list-item elementor-inline-item\">\n\t\t\t\t\t\t\t\t\t\t\t<a href=\"mailto:ch@christinehofstetter.ch\">\n\n\t\t\t\t\t\t\t\t\t\t\t\t<span class=\"elementor-icon-list-icon\">\n\t\t\t\t\t\t\t<svg aria-hidden=\"true\" class=\"e-font-icon-svg e-fas-envelope\" viewbox=\"0 0 512 512\" xmlns=\"http:\/\/www.w3.org\/2000\/svg\"><path d=\"M502.3 190.8c3.9-3.1 9.7-.2 9.7 4.7V400c0 26.5-21.5 48-48 48H48c-26.5 0-48-21.5-48-48V195.6c0-5 5.7-7.8 9.7-4.7 22.4 17.4 52.1 39.5 154.1 113.6 21.1 15.4 56.7 47.8 92.2 47.6 35.7.3 72-32.8 92.3-47.6 102-74.1 131.6-96.3 154-113.7zM256 320c23.2.4 56.6-29.2 73.4-41.4 132.7-96.3 142.8-104.7 173.4-128.7 5.8-4.5 9.2-11.5 9.2-18.9v-19c0-26.5-21.5-48-48-48H48C21.5 64 0 85.5 0 112v19c0 7.4 3.4 14.3 9.2 18.9 30.6 23.9 40.7 32.4 173.4 128.7 16.8 12.2 50.2 41.8 73.4 41.4z\"><\/path><\/svg>\t\t\t\t\t\t<\/span>\n\t\t\t\t\t\t\t\t\t\t<span class=\"elementor-icon-list-text\">ch@christinehofstetter.ch<\/span>\n\t\t\t\t\t\t\t\t\t\t\t<\/a>\n\t\t\t\t\t\t\t\t\t<\/li>\n\t\t\t\t\t\t<\/ul>\n\t\t\t\t\t\t<\/div>\n\t\t\t\t<\/div>\n\t\t\t\t\t<\/div>\n\t\t\t\t<\/div>\n\t\t<div class=\"elementor-element elementor-element-782e7b02 e-flex e-con-boxed e-con e-parent\" data-id=\"782e7b02\" data-element_type=\"container\" data-e-type=\"container\">\n\t\t\t\t\t<div class=\"e-con-inner\">\n\t\t\t\t<div class=\"elementor-element elementor-element-7fbe0ad8 elementor-widget elementor-widget-heading\" data-id=\"7fbe0ad8\" data-element_type=\"widget\" data-e-type=\"widget\" data-widget_type=\"heading.default\">\n\t\t\t\t<div class=\"elementor-widget-container\">\n\t\t\t\t\t<h2 class=\"elementor-heading-title elementor-size-default\">CASE STUDIES<\/h2>\t\t\t\t<\/div>\n\t\t\t\t<\/div>\n\t\t\t\t<div class=\"elementor-element elementor-element-7ce35f91 elementor-widget elementor-widget-text-editor\" data-id=\"7ce35f91\" data-element_type=\"widget\" data-e-type=\"widget\" data-widget_type=\"text-editor.default\">\n\t\t\t\t<div class=\"elementor-widget-container\">\n\t\t\t\t\t\t\t\t\t<h4><strong>Be your own accountant and safe money<\/strong><\/h4><p>A housewife and mother of 2 children decided to make her hobby into a career and started a catering company. She delivers warm food to employees at their place of work. The company was doing well, so shortly thereafter, she turned the company into a Gmbh (limited liability company). In order to maintain the overview over her finances, she decided to manage the bookkeeping herself. The bookkeeping system, Banana, is easy for amateurs to also use.<\/p><p>Nevertheless, she had questions, such as about the double-accounting system and the taxation requirements of certain company expenses. In a 2-hour consultation I was able to clarify her questions so that she is now able to use Banana to generate the necessary documents, including a balance sheet, which are required for taxes.<\/p>\t\t\t\t\t\t\t\t<\/div>\n\t\t\t\t<\/div>\n\t\t\t\t\t<\/div>\n\t\t\t\t<\/div>\n\t\t\t\t<\/div>","protected":false},"excerpt":{"rendered":"<p>DEINE LEBENSWENDEPUNKTE. DIE MOMENTE DER VER\u00c4NDERUNG UND VIELFALT. Du willst dich beruflich selbstst\u00e4ndig machen? Lass uns gemeinsam tragf\u00e4hige Entscheidungsgrundlagen zu folgenden Themen vorbereiten und eine funktionierende Umsetzung planen. Welche Rechtsform passt am besten zu deiner Gesch\u00e4ftsidee und welche Auswirkungen hat deine Wahl auf die buchhalterischen und steuerlichen Anforderungen? Ist es sinnvoll, wenn du die Buchhaltung [&hellip;]<\/p>","protected":false},"author":1,"featured_media":0,"parent":13,"menu_order":0,"comment_status":"closed","ping_status":"closed","template":"","meta":{"footnotes":""},"class_list":["post-19","page","type-page","status-publish","hentry"],"yoast_head":"<!-- This site is optimized with the Yoast SEO plugin v27.3 - https:\/\/yoast.com\/product\/yoast-seo-wordpress\/ -->\n<title>Selbst\u00e4ndigkeit - Christine Hofstetter<\/title>\n<meta name=\"robots\" content=\"index, follow, max-snippet:-1, max-image-preview:large, max-video-preview:-1\" \/>\n<link rel=\"canonical\" href=\"https:\/\/christinehofstetter.ch\/en\/coaching\/selbstaendigkeit\/\" \/>\n<meta property=\"og:locale\" content=\"en_GB\" \/>\n<meta property=\"og:type\" content=\"article\" \/>\n<meta property=\"og:title\" content=\"Selbst\u00e4ndigkeit - Christine Hofstetter\" \/>\n<meta property=\"og:description\" content=\"DEINE LEBENSWENDEPUNKTE. DIE MOMENTE DER VER\u00c4NDERUNG UND VIELFALT. Du willst dich beruflich selbstst\u00e4ndig machen? Lass uns gemeinsam tragf\u00e4hige Entscheidungsgrundlagen zu folgenden Themen vorbereiten und eine funktionierende Umsetzung planen. Welche Rechtsform passt am besten zu deiner Gesch\u00e4ftsidee und welche Auswirkungen hat deine Wahl auf die buchhalterischen und steuerlichen Anforderungen? Ist es sinnvoll, wenn du die Buchhaltung [&hellip;]\" \/>\n<meta property=\"og:url\" content=\"https:\/\/christinehofstetter.ch\/en\/coaching\/selbstaendigkeit\/\" \/>\n<meta property=\"og:site_name\" content=\"Christine Hofstetter\" \/>\n<meta property=\"article:modified_time\" content=\"2023-11-17T10:46:13+00:00\" \/>\n<meta property=\"og:image\" content=\"https:\/\/christinehofstetter.ch\/wp-content\/uploads\/2023\/11\/christine-1123-Edit-Edit-1024x1024.jpg\" \/>\n<meta name=\"twitter:card\" content=\"summary_large_image\" \/>\n<meta name=\"twitter:label1\" content=\"Estimated reading time\" \/>\n\t<meta name=\"twitter:data1\" content=\"2 minutes\" \/>\n<script type=\"application\/ld+json\" class=\"yoast-schema-graph\">{\"@context\":\"https:\\\/\\\/schema.org\",\"@graph\":[{\"@type\":\"WebPage\",\"@id\":\"https:\\\/\\\/christinehofstetter.ch\\\/coaching\\\/selbstaendigkeit\\\/\",\"url\":\"https:\\\/\\\/christinehofstetter.ch\\\/coaching\\\/selbstaendigkeit\\\/\",\"name\":\"Selbst\u00e4ndigkeit - Christine Hofstetter\",\"isPartOf\":{\"@id\":\"https:\\\/\\\/christinehofstetter.ch\\\/#website\"},\"primaryImageOfPage\":{\"@id\":\"https:\\\/\\\/christinehofstetter.ch\\\/coaching\\\/selbstaendigkeit\\\/#primaryimage\"},\"image\":{\"@id\":\"https:\\\/\\\/christinehofstetter.ch\\\/coaching\\\/selbstaendigkeit\\\/#primaryimage\"},\"thumbnailUrl\":\"https:\\\/\\\/christinehofstetter.ch\\\/wp-content\\\/uploads\\\/2023\\\/11\\\/christine-1123-Edit-Edit-1024x1024.jpg\",\"datePublished\":\"2023-11-09T10:33:58+00:00\",\"dateModified\":\"2023-11-17T10:46:13+00:00\",\"breadcrumb\":{\"@id\":\"https:\\\/\\\/christinehofstetter.ch\\\/coaching\\\/selbstaendigkeit\\\/#breadcrumb\"},\"inLanguage\":\"en-GB\",\"potentialAction\":[{\"@type\":\"ReadAction\",\"target\":[\"https:\\\/\\\/christinehofstetter.ch\\\/coaching\\\/selbstaendigkeit\\\/\"]}]},{\"@type\":\"ImageObject\",\"inLanguage\":\"en-GB\",\"@id\":\"https:\\\/\\\/christinehofstetter.ch\\\/coaching\\\/selbstaendigkeit\\\/#primaryimage\",\"url\":\"https:\\\/\\\/christinehofstetter.ch\\\/wp-content\\\/uploads\\\/2023\\\/11\\\/christine-1123-Edit-Edit-1024x1024.jpg\",\"contentUrl\":\"https:\\\/\\\/christinehofstetter.ch\\\/wp-content\\\/uploads\\\/2023\\\/11\\\/christine-1123-Edit-Edit-1024x1024.jpg\"},{\"@type\":\"BreadcrumbList\",\"@id\":\"https:\\\/\\\/christinehofstetter.ch\\\/coaching\\\/selbstaendigkeit\\\/#breadcrumb\",\"itemListElement\":[{\"@type\":\"ListItem\",\"position\":1,\"name\":\"Startseite\",\"item\":\"https:\\\/\\\/christinehofstetter.ch\\\/\"},{\"@type\":\"ListItem\",\"position\":2,\"name\":\"Coaching\",\"item\":\"https:\\\/\\\/christinehofstetter.ch\\\/coaching\\\/\"},{\"@type\":\"ListItem\",\"position\":3,\"name\":\"Selbst\u00e4ndigkeit\"}]},{\"@type\":\"WebSite\",\"@id\":\"https:\\\/\\\/christinehofstetter.ch\\\/#website\",\"url\":\"https:\\\/\\\/christinehofstetter.ch\\\/\",\"name\":\"Christine Hofstetter\",\"description\":\"Wenn Entscheidungen anstehen\",\"publisher\":{\"@id\":\"https:\\\/\\\/christinehofstetter.ch\\\/#organization\"},\"potentialAction\":[{\"@type\":\"SearchAction\",\"target\":{\"@type\":\"EntryPoint\",\"urlTemplate\":\"https:\\\/\\\/christinehofstetter.ch\\\/?s={search_term_string}\"},\"query-input\":{\"@type\":\"PropertyValueSpecification\",\"valueRequired\":true,\"valueName\":\"search_term_string\"}}],\"inLanguage\":\"en-GB\"},{\"@type\":\"Organization\",\"@id\":\"https:\\\/\\\/christinehofstetter.ch\\\/#organization\",\"name\":\"Christine Hofstetter\",\"url\":\"https:\\\/\\\/christinehofstetter.ch\\\/\",\"logo\":{\"@type\":\"ImageObject\",\"inLanguage\":\"en-GB\",\"@id\":\"https:\\\/\\\/christinehofstetter.ch\\\/#\\\/schema\\\/logo\\\/image\\\/\",\"url\":\"https:\\\/\\\/christinehofstetter.ch\\\/wp-content\\\/uploads\\\/2023\\\/11\\\/Logo_CH.jpg\",\"contentUrl\":\"https:\\\/\\\/christinehofstetter.ch\\\/wp-content\\\/uploads\\\/2023\\\/11\\\/Logo_CH.jpg\",\"width\":849,\"height\":384,\"caption\":\"Christine Hofstetter\"},\"image\":{\"@id\":\"https:\\\/\\\/christinehofstetter.ch\\\/#\\\/schema\\\/logo\\\/image\\\/\"}}]}<\/script>\n<!-- \/ Yoast SEO plugin. -->","yoast_head_json":{"title":"Selbst\u00e4ndigkeit - Christine Hofstetter","robots":{"index":"index","follow":"follow","max-snippet":"max-snippet:-1","max-image-preview":"max-image-preview:large","max-video-preview":"max-video-preview:-1"},"canonical":"https:\/\/christinehofstetter.ch\/en\/coaching\/selbstaendigkeit\/","og_locale":"en_GB","og_type":"article","og_title":"Selbst\u00e4ndigkeit - Christine Hofstetter","og_description":"DEINE LEBENSWENDEPUNKTE. DIE MOMENTE DER VER\u00c4NDERUNG UND VIELFALT. Du willst dich beruflich selbstst\u00e4ndig machen? Lass uns gemeinsam tragf\u00e4hige Entscheidungsgrundlagen zu folgenden Themen vorbereiten und eine funktionierende Umsetzung planen. Welche Rechtsform passt am besten zu deiner Gesch\u00e4ftsidee und welche Auswirkungen hat deine Wahl auf die buchhalterischen und steuerlichen Anforderungen? Ist es sinnvoll, wenn du die Buchhaltung [&hellip;]","og_url":"https:\/\/christinehofstetter.ch\/en\/coaching\/selbstaendigkeit\/","og_site_name":"Christine Hofstetter","article_modified_time":"2023-11-17T10:46:13+00:00","og_image":[{"url":"https:\/\/christinehofstetter.ch\/wp-content\/uploads\/2023\/11\/christine-1123-Edit-Edit-1024x1024.jpg","type":"","width":"","height":""}],"twitter_card":"summary_large_image","twitter_misc":{"Estimated reading time":"2 minutes"},"schema":{"@context":"https:\/\/schema.org","@graph":[{"@type":"WebPage","@id":"https:\/\/christinehofstetter.ch\/coaching\/selbstaendigkeit\/","url":"https:\/\/christinehofstetter.ch\/coaching\/selbstaendigkeit\/","name":"Selbst\u00e4ndigkeit - Christine Hofstetter","isPartOf":{"@id":"https:\/\/christinehofstetter.ch\/#website"},"primaryImageOfPage":{"@id":"https:\/\/christinehofstetter.ch\/coaching\/selbstaendigkeit\/#primaryimage"},"image":{"@id":"https:\/\/christinehofstetter.ch\/coaching\/selbstaendigkeit\/#primaryimage"},"thumbnailUrl":"https:\/\/christinehofstetter.ch\/wp-content\/uploads\/2023\/11\/christine-1123-Edit-Edit-1024x1024.jpg","datePublished":"2023-11-09T10:33:58+00:00","dateModified":"2023-11-17T10:46:13+00:00","breadcrumb":{"@id":"https:\/\/christinehofstetter.ch\/coaching\/selbstaendigkeit\/#breadcrumb"},"inLanguage":"en-GB","potentialAction":[{"@type":"ReadAction","target":["https:\/\/christinehofstetter.ch\/coaching\/selbstaendigkeit\/"]}]},{"@type":"ImageObject","inLanguage":"en-GB","@id":"https:\/\/christinehofstetter.ch\/coaching\/selbstaendigkeit\/#primaryimage","url":"https:\/\/christinehofstetter.ch\/wp-content\/uploads\/2023\/11\/christine-1123-Edit-Edit-1024x1024.jpg","contentUrl":"https:\/\/christinehofstetter.ch\/wp-content\/uploads\/2023\/11\/christine-1123-Edit-Edit-1024x1024.jpg"},{"@type":"BreadcrumbList","@id":"https:\/\/christinehofstetter.ch\/coaching\/selbstaendigkeit\/#breadcrumb","itemListElement":[{"@type":"ListItem","position":1,"name":"Startseite","item":"https:\/\/christinehofstetter.ch\/"},{"@type":"ListItem","position":2,"name":"Coaching","item":"https:\/\/christinehofstetter.ch\/coaching\/"},{"@type":"ListItem","position":3,"name":"Selbst\u00e4ndigkeit"}]},{"@type":"WebSite","@id":"https:\/\/christinehofstetter.ch\/#website","url":"https:\/\/christinehofstetter.ch\/","name":"Christine Hofstetter","description":"Wenn Entscheidungen anstehen","publisher":{"@id":"https:\/\/christinehofstetter.ch\/#organization"},"potentialAction":[{"@type":"SearchAction","target":{"@type":"EntryPoint","urlTemplate":"https:\/\/christinehofstetter.ch\/?s={search_term_string}"},"query-input":{"@type":"PropertyValueSpecification","valueRequired":true,"valueName":"search_term_string"}}],"inLanguage":"en-GB"},{"@type":"Organization","@id":"https:\/\/christinehofstetter.ch\/#organization","name":"Christine Hofstetter","url":"https:\/\/christinehofstetter.ch\/","logo":{"@type":"ImageObject","inLanguage":"en-GB","@id":"https:\/\/christinehofstetter.ch\/#\/schema\/logo\/image\/","url":"https:\/\/christinehofstetter.ch\/wp-content\/uploads\/2023\/11\/Logo_CH.jpg","contentUrl":"https:\/\/christinehofstetter.ch\/wp-content\/uploads\/2023\/11\/Logo_CH.jpg","width":849,"height":384,"caption":"Christine Hofstetter"},"image":{"@id":"https:\/\/christinehofstetter.ch\/#\/schema\/logo\/image\/"}}]}},"_links":{"self":[{"href":"https:\/\/christinehofstetter.ch\/en\/wp-json\/wp\/v2\/pages\/19","targetHints":{"allow":["GET"]}}],"collection":[{"href":"https:\/\/christinehofstetter.ch\/en\/wp-json\/wp\/v2\/pages"}],"about":[{"href":"https:\/\/christinehofstetter.ch\/en\/wp-json\/wp\/v2\/types\/page"}],"author":[{"embeddable":true,"href":"https:\/\/christinehofstetter.ch\/en\/wp-json\/wp\/v2\/users\/1"}],"replies":[{"embeddable":true,"href":"https:\/\/christinehofstetter.ch\/en\/wp-json\/wp\/v2\/comments?post=19"}],"version-history":[{"count":22,"href":"https:\/\/christinehofstetter.ch\/en\/wp-json\/wp\/v2\/pages\/19\/revisions"}],"predecessor-version":[{"id":653,"href":"https:\/\/christinehofstetter.ch\/en\/wp-json\/wp\/v2\/pages\/19\/revisions\/653"}],"up":[{"embeddable":true,"href":"https:\/\/christinehofstetter.ch\/en\/wp-json\/wp\/v2\/pages\/13"}],"wp:attachment":[{"href":"https:\/\/christinehofstetter.ch\/en\/wp-json\/wp\/v2\/media?parent=19"}],"curies":[{"name":"wp","href":"https:\/\/api.w.org\/{rel}","templated":true}]}}