{"id":15,"date":"2023-11-09T11:33:19","date_gmt":"2023-11-09T10:33:19","guid":{"rendered":"https:\/\/compassionate-morse.176-96-136-90.plesk.page\/?page_id=15"},"modified":"2023-11-17T11:45:24","modified_gmt":"2023-11-17T10:45:24","slug":"immobilien","status":"publish","type":"page","link":"https:\/\/christinehofstetter.ch\/en\/coaching\/immobilien\/","title":{"rendered":"REAL ESTATE"},"content":{"rendered":"<div data-elementor-type=\"wp-page\" data-elementor-id=\"15\" class=\"elementor elementor-15\" data-elementor-post-type=\"page\">\n\t\t\t\t<div class=\"elementor-element elementor-element-6242ac9b e-flex e-con-boxed e-con e-parent\" data-id=\"6242ac9b\" data-element_type=\"container\" data-e-type=\"container\">\n\t\t\t\t\t<div class=\"e-con-inner\">\n\t\t\t\t<div class=\"elementor-element elementor-element-304036ce elementor-widget elementor-widget-heading\" data-id=\"304036ce\" data-element_type=\"widget\" data-e-type=\"widget\" data-widget_type=\"heading.default\">\n\t\t\t\t<div class=\"elementor-widget-container\">\n\t\t\t\t\t<h2 class=\"elementor-heading-title elementor-size-default\">YOUR HOMEBASE IN LIFE.<\/h2>\t\t\t\t<\/div>\n\t\t\t\t<\/div>\n\t\t\t\t<div class=\"elementor-element elementor-element-63ac5cad elementor-widget elementor-widget-heading\" data-id=\"63ac5cad\" data-element_type=\"widget\" data-e-type=\"widget\" data-widget_type=\"heading.default\">\n\t\t\t\t<div class=\"elementor-widget-container\">\n\t\t\t\t\t<h2 class=\"elementor-heading-title elementor-size-default\">YOUR OWN PRIVATE SPACE AND PLACE.<\/h2>\t\t\t\t<\/div>\n\t\t\t\t<\/div>\n\t\t<div class=\"elementor-element elementor-element-40ef7b2 e-flex e-con-boxed e-con e-child\" data-id=\"40ef7b2\" data-element_type=\"container\" data-e-type=\"container\">\n\t\t\t\t\t<div class=\"e-con-inner\">\n\t\t\t\t<div class=\"elementor-element elementor-element-6de6c50 elementor-widget__width-initial elementor-widget elementor-widget-text-editor\" data-id=\"6de6c50\" data-element_type=\"widget\" data-e-type=\"widget\" data-widget_type=\"text-editor.default\">\n\t\t\t\t<div class=\"elementor-widget-container\">\n\t\t\t\t\t\t\t\t\t<div class=\"flex-gt-sm-50 hm-row\"><div class=\"hm-row-inside\"><div class=\"ce_text block\"><p><strong>Services around real estate ownership.<\/strong><\/p><p>In advising clients with questions around real estate, my emphasis is about working out suitable decisions for each individual situation.\nIn order to have an independent and adequate basis for decision making, the following questions are at the centre of my considerations:<\/p><ul><li>How do you fulfill the conditions of purchasing a property?<\/li><li>How do you negotiate the best mortgage interest rate?<\/li><li>How to decide about a property in case of divorce?<\/li><li>What is the right decision for you if you have received real estate in an inheritance?<\/li><li>When an inheritance is to be split between multiple partners, what is the best way to approach the newly acquired assets for all parties involved?<\/li><li>Should you sell or reinvest?<\/li><\/ul><\/div><\/div><\/div>\t\t\t\t\t\t\t\t<\/div>\n\t\t\t\t<\/div>\n\t\t\t\t<div class=\"elementor-element elementor-element-fb2b5e5 elementor-widget elementor-widget-image\" data-id=\"fb2b5e5\" data-element_type=\"widget\" data-e-type=\"widget\" data-widget_type=\"image.default\">\n\t\t\t\t<div class=\"elementor-widget-container\">\n\t\t\t\t\t\t\t\t\t\t\t\t\t\t\t<img fetchpriority=\"high\" decoding=\"async\" width=\"800\" height=\"800\" src=\"https:\/\/christinehofstetter.ch\/wp-content\/uploads\/2023\/11\/christine-1123-Edit-Edit-1024x1024.jpg\" class=\"attachment-large size-large wp-image-175\" alt=\"\" srcset=\"https:\/\/christinehofstetter.ch\/wp-content\/uploads\/2023\/11\/christine-1123-Edit-Edit-1024x1024.jpg 1024w, https:\/\/christinehofstetter.ch\/wp-content\/uploads\/2023\/11\/christine-1123-Edit-Edit-300x300.jpg 300w, https:\/\/christinehofstetter.ch\/wp-content\/uploads\/2023\/11\/christine-1123-Edit-Edit-150x150.jpg 150w, https:\/\/christinehofstetter.ch\/wp-content\/uploads\/2023\/11\/christine-1123-Edit-Edit-768x768.jpg 768w, https:\/\/christinehofstetter.ch\/wp-content\/uploads\/2023\/11\/christine-1123-Edit-Edit-1536x1536.jpg 1536w, https:\/\/christinehofstetter.ch\/wp-content\/uploads\/2023\/11\/christine-1123-Edit-Edit-2048x2048.jpg 2048w\" sizes=\"(max-width: 800px) 100vw, 800px\" \/>\t\t\t\t\t\t\t\t\t\t\t\t\t\t\t<\/div>\n\t\t\t\t<\/div>\n\t\t\t\t\t<\/div>\n\t\t\t\t<\/div>\n\t\t\t\t\t<\/div>\n\t\t\t\t<\/div>\n\t\t<div class=\"elementor-element elementor-element-28b75911 e-flex e-con-boxed e-con e-parent\" data-id=\"28b75911\" data-element_type=\"container\" data-e-type=\"container\" data-settings=\"{&quot;background_background&quot;:&quot;classic&quot;}\">\n\t\t\t\t\t<div class=\"e-con-inner\">\n\t\t\t\t<div class=\"elementor-element elementor-element-5b07bc05 elementor-widget elementor-widget-heading\" data-id=\"5b07bc05\" data-element_type=\"widget\" data-e-type=\"widget\" data-widget_type=\"heading.default\">\n\t\t\t\t<div class=\"elementor-widget-container\">\n\t\t\t\t\t<h2 class=\"elementor-heading-title elementor-size-default\">Schedule an appointment<\/h2>\t\t\t\t<\/div>\n\t\t\t\t<\/div>\n\t\t\t\t<div class=\"elementor-element elementor-element-3ceeb927 elementor-icon-list--layout-inline elementor-align-center elementor-list-item-link-full_width elementor-widget elementor-widget-icon-list\" data-id=\"3ceeb927\" data-element_type=\"widget\" data-e-type=\"widget\" data-widget_type=\"icon-list.default\">\n\t\t\t\t<div class=\"elementor-widget-container\">\n\t\t\t\t\t\t\t<ul class=\"elementor-icon-list-items elementor-inline-items\">\n\t\t\t\t\t\t\t<li class=\"elementor-icon-list-item elementor-inline-item\">\n\t\t\t\t\t\t\t\t\t\t\t<a href=\"tel:+41762186595\">\n\n\t\t\t\t\t\t\t\t\t\t\t\t<span class=\"elementor-icon-list-icon\">\n\t\t\t\t\t\t\t<svg aria-hidden=\"true\" class=\"e-font-icon-svg e-fas-phone-alt\" viewbox=\"0 0 512 512\" xmlns=\"http:\/\/www.w3.org\/2000\/svg\"><path d=\"M497.39 361.8l-112-48a24 24 0 0 0-28 6.9l-49.6 60.6A370.66 370.66 0 0 1 130.6 204.11l60.6-49.6a23.94 23.94 0 0 0 6.9-28l-48-112A24.16 24.16 0 0 0 122.6.61l-104 24A24 24 0 0 0 0 48c0 256.5 207.9 464 464 464a24 24 0 0 0 23.4-18.6l24-104a24.29 24.29 0 0 0-14.01-27.6z\"><\/path><\/svg>\t\t\t\t\t\t<\/span>\n\t\t\t\t\t\t\t\t\t\t<span class=\"elementor-icon-list-text\">076 218 65 95<\/span>\n\t\t\t\t\t\t\t\t\t\t\t<\/a>\n\t\t\t\t\t\t\t\t\t<\/li>\n\t\t\t\t\t\t\t\t<li class=\"elementor-icon-list-item elementor-inline-item\">\n\t\t\t\t\t\t\t\t\t\t\t<a href=\"mailto:ch@christinehofstetter.ch\">\n\n\t\t\t\t\t\t\t\t\t\t\t\t<span class=\"elementor-icon-list-icon\">\n\t\t\t\t\t\t\t<svg aria-hidden=\"true\" class=\"e-font-icon-svg e-fas-envelope\" viewbox=\"0 0 512 512\" xmlns=\"http:\/\/www.w3.org\/2000\/svg\"><path d=\"M502.3 190.8c3.9-3.1 9.7-.2 9.7 4.7V400c0 26.5-21.5 48-48 48H48c-26.5 0-48-21.5-48-48V195.6c0-5 5.7-7.8 9.7-4.7 22.4 17.4 52.1 39.5 154.1 113.6 21.1 15.4 56.7 47.8 92.2 47.6 35.7.3 72-32.8 92.3-47.6 102-74.1 131.6-96.3 154-113.7zM256 320c23.2.4 56.6-29.2 73.4-41.4 132.7-96.3 142.8-104.7 173.4-128.7 5.8-4.5 9.2-11.5 9.2-18.9v-19c0-26.5-21.5-48-48-48H48C21.5 64 0 85.5 0 112v19c0 7.4 3.4 14.3 9.2 18.9 30.6 23.9 40.7 32.4 173.4 128.7 16.8 12.2 50.2 41.8 73.4 41.4z\"><\/path><\/svg>\t\t\t\t\t\t<\/span>\n\t\t\t\t\t\t\t\t\t\t<span class=\"elementor-icon-list-text\">ch@christinehofstetter.ch<\/span>\n\t\t\t\t\t\t\t\t\t\t\t<\/a>\n\t\t\t\t\t\t\t\t\t<\/li>\n\t\t\t\t\t\t<\/ul>\n\t\t\t\t\t\t<\/div>\n\t\t\t\t<\/div>\n\t\t\t\t\t<\/div>\n\t\t\t\t<\/div>\n\t\t<div class=\"elementor-element elementor-element-6e3e2f4b e-flex e-con-boxed e-con e-parent\" data-id=\"6e3e2f4b\" data-element_type=\"container\" data-e-type=\"container\">\n\t\t\t\t\t<div class=\"e-con-inner\">\n\t\t\t\t<div class=\"elementor-element elementor-element-4fbab342 elementor-widget elementor-widget-heading\" data-id=\"4fbab342\" data-element_type=\"widget\" data-e-type=\"widget\" data-widget_type=\"heading.default\">\n\t\t\t\t<div class=\"elementor-widget-container\">\n\t\t\t\t\t<h2 class=\"elementor-heading-title elementor-size-default\">CASE STUDIES<\/h2>\t\t\t\t<\/div>\n\t\t\t\t<\/div>\n\t\t\t\t<div class=\"elementor-element elementor-element-5ebd73c0 elementor-widget elementor-widget-text-editor\" data-id=\"5ebd73c0\" data-element_type=\"widget\" data-e-type=\"widget\" data-widget_type=\"text-editor.default\">\n\t\t\t\t<div class=\"elementor-widget-container\">\n\t\t\t\t\t\t\t\t\t<h4><strong>Sell or rent: what is better?<\/strong><\/h4><p>By chance I was invited to view a house. The property in question was a plot and building in Meilen \u2013 an old row house in \u201cflarz\u201d style from the year 1748 not far from the Z\u00fcrichsee with a view to the lake and the mountains and had been inherited by a teacher from Wintherthur. She felt overhelmed by this inheritance and it produced disagreements between her and her husband.<\/p><p>As their homebase was in Baden, it was out of the question that she would want to use the property herself. As they were actually living in a rented property with a short term lease, they very much wanted their own property. The sale of the inherited property raising money for the purchase of their own flat in Baden was under discussion. Clearly a sensible decision. Especially for the heir herself.\nHowever over a coffee after the viewing she then told me about all the lovely childhood memories linked with her great aunt\u2019s house and it was increasingly clear that it was difficult for her to part from it. On the other hand she felt pressured to make a \u201esensible\u201c decision that would take into account not just her own wishes but would be a good, objective decision with regard to the generation of family income and pension provision.<\/p><p>I developed an estimate to help with the decision taking into account the various options such as a sale or renovating and renting out. Thanks to these calculations the couple was able to make a mutual decision which also made sense when the transaction actually came about. The house remained within the family and was renovated and then rented out.<\/p><div class=\"ce_text block\"><h3>\u00a0<\/h3><h4><strong>Better conditions when taking an expert to the bank appointment<\/strong><\/h4><p>A single mom had, instead of alimony payments, received a lump-sum payment from her ex-husband. She had decided to buy a property in order to invest a part of the assets and generate a rental income. Overwhelmed by the multitude of considerations surrounding this purchase, she retained my services and I was able to advise her as to the economic viability of the purchase. Furthermore with regard to the mortgage interest rates, she felt intimidated by the banks and I accompanied her to an appointment during which the offer was reviewed and considerably improved by the bank representative.<\/p><\/div><div class=\"ce_text green last block\"><h3>\u00a0<\/h3><h4><strong>Dream of your own house: better not wait but start planning right now<\/strong><\/h4><p>A middle aged couple had long wished to have their own property but kept dismissing it due to the high real estate prices and the small amount of capital. Several times I had drawn their attention to the fact that their assumptions did not necessarily conform to the reality of the situation and that we could only be sure after looking at the actual facts.<\/p><p>After a one hour consultation it emerged that the chances for realicing the dream of their own home were not at all bad. An appointment at their bank gave some clarity. Apparently only a little while before the conditions for lending had changed and their available capital was no longer sufficient. Now constant saving efforts are needed over a longer period the couple to still be able to realize their dream of owning their own home.\n\nIf the couple had not, over many years, given in to their assumptions they would probably already be within their own four walls.<\/p><\/div>\t\t\t\t\t\t\t\t<\/div>\n\t\t\t\t<\/div>\n\t\t\t\t\t<\/div>\n\t\t\t\t<\/div>\n\t\t\t\t<\/div>","protected":false},"excerpt":{"rendered":"<p>DEIN LEBENSMITTELPUNKT. DIE R\u00c4UME DES PRIVATEN UND ORTE DES EIGENEN. Du lieb\u00e4ugelst damit, eine Immobilie zu kaufen oder zu verkaufen? Gemeinsam analysieren wir deine gegenw\u00e4rtige Situation und erarbeiten ad\u00e4quate Entscheidungsgrundlagen f\u00fcr dich. Dabei lassen wir uns von folgenden Fragen leiten: Welche Voraussetzungen musst du erf\u00fcllen, damit du eine Immobilie erwerben kannst? Wie verhandelst du die [&hellip;]<\/p>","protected":false},"author":1,"featured_media":0,"parent":13,"menu_order":0,"comment_status":"closed","ping_status":"closed","template":"","meta":{"footnotes":""},"class_list":["post-15","page","type-page","status-publish","hentry"],"yoast_head":"<!-- This site is optimized with the Yoast SEO plugin v27.3 - https:\/\/yoast.com\/product\/yoast-seo-wordpress\/ -->\n<title>Immobilien - Christine Hofstetter<\/title>\n<meta name=\"robots\" content=\"index, follow, max-snippet:-1, max-image-preview:large, max-video-preview:-1\" \/>\n<link rel=\"canonical\" href=\"https:\/\/christinehofstetter.ch\/en\/coaching\/immobilien\/\" \/>\n<meta property=\"og:locale\" content=\"en_GB\" \/>\n<meta property=\"og:type\" content=\"article\" \/>\n<meta property=\"og:title\" content=\"Immobilien - Christine Hofstetter\" \/>\n<meta property=\"og:description\" content=\"DEIN LEBENSMITTELPUNKT. DIE R\u00c4UME DES PRIVATEN UND ORTE DES EIGENEN. Du lieb\u00e4ugelst damit, eine Immobilie zu kaufen oder zu verkaufen? Gemeinsam analysieren wir deine gegenw\u00e4rtige Situation und erarbeiten ad\u00e4quate Entscheidungsgrundlagen f\u00fcr dich. Dabei lassen wir uns von folgenden Fragen leiten: Welche Voraussetzungen musst du erf\u00fcllen, damit du eine Immobilie erwerben kannst? Wie verhandelst du die [&hellip;]\" \/>\n<meta property=\"og:url\" content=\"https:\/\/christinehofstetter.ch\/en\/coaching\/immobilien\/\" \/>\n<meta property=\"og:site_name\" content=\"Christine Hofstetter\" \/>\n<meta property=\"article:modified_time\" content=\"2023-11-17T10:45:24+00:00\" \/>\n<meta property=\"og:image\" content=\"https:\/\/christinehofstetter.ch\/wp-content\/uploads\/2023\/11\/christine-1123-Edit-Edit-1024x1024.jpg\" \/>\n<meta name=\"twitter:card\" content=\"summary_large_image\" \/>\n<meta name=\"twitter:label1\" content=\"Estimated reading time\" \/>\n\t<meta name=\"twitter:data1\" content=\"4 minutes\" \/>\n<script type=\"application\/ld+json\" class=\"yoast-schema-graph\">{\"@context\":\"https:\\\/\\\/schema.org\",\"@graph\":[{\"@type\":\"WebPage\",\"@id\":\"https:\\\/\\\/christinehofstetter.ch\\\/coaching\\\/immobilien\\\/\",\"url\":\"https:\\\/\\\/christinehofstetter.ch\\\/coaching\\\/immobilien\\\/\",\"name\":\"Immobilien - Christine Hofstetter\",\"isPartOf\":{\"@id\":\"https:\\\/\\\/christinehofstetter.ch\\\/#website\"},\"primaryImageOfPage\":{\"@id\":\"https:\\\/\\\/christinehofstetter.ch\\\/coaching\\\/immobilien\\\/#primaryimage\"},\"image\":{\"@id\":\"https:\\\/\\\/christinehofstetter.ch\\\/coaching\\\/immobilien\\\/#primaryimage\"},\"thumbnailUrl\":\"https:\\\/\\\/christinehofstetter.ch\\\/wp-content\\\/uploads\\\/2023\\\/11\\\/christine-1123-Edit-Edit-1024x1024.jpg\",\"datePublished\":\"2023-11-09T10:33:19+00:00\",\"dateModified\":\"2023-11-17T10:45:24+00:00\",\"breadcrumb\":{\"@id\":\"https:\\\/\\\/christinehofstetter.ch\\\/coaching\\\/immobilien\\\/#breadcrumb\"},\"inLanguage\":\"en-GB\",\"potentialAction\":[{\"@type\":\"ReadAction\",\"target\":[\"https:\\\/\\\/christinehofstetter.ch\\\/coaching\\\/immobilien\\\/\"]}]},{\"@type\":\"ImageObject\",\"inLanguage\":\"en-GB\",\"@id\":\"https:\\\/\\\/christinehofstetter.ch\\\/coaching\\\/immobilien\\\/#primaryimage\",\"url\":\"https:\\\/\\\/christinehofstetter.ch\\\/wp-content\\\/uploads\\\/2023\\\/11\\\/christine-1123-Edit-Edit-1024x1024.jpg\",\"contentUrl\":\"https:\\\/\\\/christinehofstetter.ch\\\/wp-content\\\/uploads\\\/2023\\\/11\\\/christine-1123-Edit-Edit-1024x1024.jpg\"},{\"@type\":\"BreadcrumbList\",\"@id\":\"https:\\\/\\\/christinehofstetter.ch\\\/coaching\\\/immobilien\\\/#breadcrumb\",\"itemListElement\":[{\"@type\":\"ListItem\",\"position\":1,\"name\":\"Startseite\",\"item\":\"https:\\\/\\\/christinehofstetter.ch\\\/\"},{\"@type\":\"ListItem\",\"position\":2,\"name\":\"Coaching\",\"item\":\"https:\\\/\\\/christinehofstetter.ch\\\/coaching\\\/\"},{\"@type\":\"ListItem\",\"position\":3,\"name\":\"Immobilien\"}]},{\"@type\":\"WebSite\",\"@id\":\"https:\\\/\\\/christinehofstetter.ch\\\/#website\",\"url\":\"https:\\\/\\\/christinehofstetter.ch\\\/\",\"name\":\"Christine Hofstetter\",\"description\":\"Wenn Entscheidungen anstehen\",\"publisher\":{\"@id\":\"https:\\\/\\\/christinehofstetter.ch\\\/#organization\"},\"potentialAction\":[{\"@type\":\"SearchAction\",\"target\":{\"@type\":\"EntryPoint\",\"urlTemplate\":\"https:\\\/\\\/christinehofstetter.ch\\\/?s={search_term_string}\"},\"query-input\":{\"@type\":\"PropertyValueSpecification\",\"valueRequired\":true,\"valueName\":\"search_term_string\"}}],\"inLanguage\":\"en-GB\"},{\"@type\":\"Organization\",\"@id\":\"https:\\\/\\\/christinehofstetter.ch\\\/#organization\",\"name\":\"Christine Hofstetter\",\"url\":\"https:\\\/\\\/christinehofstetter.ch\\\/\",\"logo\":{\"@type\":\"ImageObject\",\"inLanguage\":\"en-GB\",\"@id\":\"https:\\\/\\\/christinehofstetter.ch\\\/#\\\/schema\\\/logo\\\/image\\\/\",\"url\":\"https:\\\/\\\/christinehofstetter.ch\\\/wp-content\\\/uploads\\\/2023\\\/11\\\/Logo_CH.jpg\",\"contentUrl\":\"https:\\\/\\\/christinehofstetter.ch\\\/wp-content\\\/uploads\\\/2023\\\/11\\\/Logo_CH.jpg\",\"width\":849,\"height\":384,\"caption\":\"Christine Hofstetter\"},\"image\":{\"@id\":\"https:\\\/\\\/christinehofstetter.ch\\\/#\\\/schema\\\/logo\\\/image\\\/\"}}]}<\/script>\n<!-- \/ Yoast SEO plugin. -->","yoast_head_json":{"title":"Immobilien - Christine Hofstetter","robots":{"index":"index","follow":"follow","max-snippet":"max-snippet:-1","max-image-preview":"max-image-preview:large","max-video-preview":"max-video-preview:-1"},"canonical":"https:\/\/christinehofstetter.ch\/en\/coaching\/immobilien\/","og_locale":"en_GB","og_type":"article","og_title":"Immobilien - Christine Hofstetter","og_description":"DEIN LEBENSMITTELPUNKT. DIE R\u00c4UME DES PRIVATEN UND ORTE DES EIGENEN. Du lieb\u00e4ugelst damit, eine Immobilie zu kaufen oder zu verkaufen? Gemeinsam analysieren wir deine gegenw\u00e4rtige Situation und erarbeiten ad\u00e4quate Entscheidungsgrundlagen f\u00fcr dich. Dabei lassen wir uns von folgenden Fragen leiten: Welche Voraussetzungen musst du erf\u00fcllen, damit du eine Immobilie erwerben kannst? Wie verhandelst du die [&hellip;]","og_url":"https:\/\/christinehofstetter.ch\/en\/coaching\/immobilien\/","og_site_name":"Christine Hofstetter","article_modified_time":"2023-11-17T10:45:24+00:00","og_image":[{"url":"https:\/\/christinehofstetter.ch\/wp-content\/uploads\/2023\/11\/christine-1123-Edit-Edit-1024x1024.jpg","type":"","width":"","height":""}],"twitter_card":"summary_large_image","twitter_misc":{"Estimated reading time":"4 minutes"},"schema":{"@context":"https:\/\/schema.org","@graph":[{"@type":"WebPage","@id":"https:\/\/christinehofstetter.ch\/coaching\/immobilien\/","url":"https:\/\/christinehofstetter.ch\/coaching\/immobilien\/","name":"Immobilien - Christine Hofstetter","isPartOf":{"@id":"https:\/\/christinehofstetter.ch\/#website"},"primaryImageOfPage":{"@id":"https:\/\/christinehofstetter.ch\/coaching\/immobilien\/#primaryimage"},"image":{"@id":"https:\/\/christinehofstetter.ch\/coaching\/immobilien\/#primaryimage"},"thumbnailUrl":"https:\/\/christinehofstetter.ch\/wp-content\/uploads\/2023\/11\/christine-1123-Edit-Edit-1024x1024.jpg","datePublished":"2023-11-09T10:33:19+00:00","dateModified":"2023-11-17T10:45:24+00:00","breadcrumb":{"@id":"https:\/\/christinehofstetter.ch\/coaching\/immobilien\/#breadcrumb"},"inLanguage":"en-GB","potentialAction":[{"@type":"ReadAction","target":["https:\/\/christinehofstetter.ch\/coaching\/immobilien\/"]}]},{"@type":"ImageObject","inLanguage":"en-GB","@id":"https:\/\/christinehofstetter.ch\/coaching\/immobilien\/#primaryimage","url":"https:\/\/christinehofstetter.ch\/wp-content\/uploads\/2023\/11\/christine-1123-Edit-Edit-1024x1024.jpg","contentUrl":"https:\/\/christinehofstetter.ch\/wp-content\/uploads\/2023\/11\/christine-1123-Edit-Edit-1024x1024.jpg"},{"@type":"BreadcrumbList","@id":"https:\/\/christinehofstetter.ch\/coaching\/immobilien\/#breadcrumb","itemListElement":[{"@type":"ListItem","position":1,"name":"Startseite","item":"https:\/\/christinehofstetter.ch\/"},{"@type":"ListItem","position":2,"name":"Coaching","item":"https:\/\/christinehofstetter.ch\/coaching\/"},{"@type":"ListItem","position":3,"name":"Immobilien"}]},{"@type":"WebSite","@id":"https:\/\/christinehofstetter.ch\/#website","url":"https:\/\/christinehofstetter.ch\/","name":"Christine Hofstetter","description":"Wenn Entscheidungen anstehen","publisher":{"@id":"https:\/\/christinehofstetter.ch\/#organization"},"potentialAction":[{"@type":"SearchAction","target":{"@type":"EntryPoint","urlTemplate":"https:\/\/christinehofstetter.ch\/?s={search_term_string}"},"query-input":{"@type":"PropertyValueSpecification","valueRequired":true,"valueName":"search_term_string"}}],"inLanguage":"en-GB"},{"@type":"Organization","@id":"https:\/\/christinehofstetter.ch\/#organization","name":"Christine Hofstetter","url":"https:\/\/christinehofstetter.ch\/","logo":{"@type":"ImageObject","inLanguage":"en-GB","@id":"https:\/\/christinehofstetter.ch\/#\/schema\/logo\/image\/","url":"https:\/\/christinehofstetter.ch\/wp-content\/uploads\/2023\/11\/Logo_CH.jpg","contentUrl":"https:\/\/christinehofstetter.ch\/wp-content\/uploads\/2023\/11\/Logo_CH.jpg","width":849,"height":384,"caption":"Christine Hofstetter"},"image":{"@id":"https:\/\/christinehofstetter.ch\/#\/schema\/logo\/image\/"}}]}},"_links":{"self":[{"href":"https:\/\/christinehofstetter.ch\/en\/wp-json\/wp\/v2\/pages\/15","targetHints":{"allow":["GET"]}}],"collection":[{"href":"https:\/\/christinehofstetter.ch\/en\/wp-json\/wp\/v2\/pages"}],"about":[{"href":"https:\/\/christinehofstetter.ch\/en\/wp-json\/wp\/v2\/types\/page"}],"author":[{"embeddable":true,"href":"https:\/\/christinehofstetter.ch\/en\/wp-json\/wp\/v2\/users\/1"}],"replies":[{"embeddable":true,"href":"https:\/\/christinehofstetter.ch\/en\/wp-json\/wp\/v2\/comments?post=15"}],"version-history":[{"count":19,"href":"https:\/\/christinehofstetter.ch\/en\/wp-json\/wp\/v2\/pages\/15\/revisions"}],"predecessor-version":[{"id":650,"href":"https:\/\/christinehofstetter.ch\/en\/wp-json\/wp\/v2\/pages\/15\/revisions\/650"}],"up":[{"embeddable":true,"href":"https:\/\/christinehofstetter.ch\/en\/wp-json\/wp\/v2\/pages\/13"}],"wp:attachment":[{"href":"https:\/\/christinehofstetter.ch\/en\/wp-json\/wp\/v2\/media?parent=15"}],"curies":[{"name":"wp","href":"https:\/\/api.w.org\/{rel}","templated":true}]}}