{"id":13,"date":"2023-11-09T11:32:57","date_gmt":"2023-11-09T10:32:57","guid":{"rendered":"https:\/\/compassionate-morse.176-96-136-90.plesk.page\/?page_id=13"},"modified":"2023-11-17T16:38:18","modified_gmt":"2023-11-17T15:38:18","slug":"coaching","status":"publish","type":"page","link":"https:\/\/christinehofstetter.ch\/en\/coaching\/","title":{"rendered":"Coaching"},"content":{"rendered":"<div data-elementor-type=\"wp-page\" data-elementor-id=\"13\" class=\"elementor elementor-13\" data-elementor-post-type=\"page\">\n\t\t\t\t<div class=\"elementor-element elementor-element-523c6856 e-flex e-con-boxed e-con e-parent\" data-id=\"523c6856\" data-element_type=\"container\" data-e-type=\"container\">\n\t\t\t\t\t<div class=\"e-con-inner\">\n\t\t\t\t<div class=\"elementor-element elementor-element-4025b7c9 elementor-widget elementor-widget-heading\" data-id=\"4025b7c9\" data-element_type=\"widget\" data-e-type=\"widget\" data-widget_type=\"heading.default\">\n\t\t\t\t<div class=\"elementor-widget-container\">\n\t\t\t\t\t<h2 class=\"elementor-heading-title elementor-size-default\">Coaching.<\/h2>\t\t\t\t<\/div>\n\t\t\t\t<\/div>\n\t\t\t\t<div class=\"elementor-element elementor-element-cd5963c elementor-widget elementor-widget-heading\" data-id=\"cd5963c\" data-element_type=\"widget\" data-e-type=\"widget\" data-widget_type=\"heading.default\">\n\t\t\t\t<div class=\"elementor-widget-container\">\n\t\t\t\t\t<h2 class=\"elementor-heading-title elementor-size-default\">Finding a solution together.<\/h2>\t\t\t\t<\/div>\n\t\t\t\t<\/div>\n\t\t<div class=\"elementor-element elementor-element-415ba29f e-flex e-con-boxed e-con e-child\" data-id=\"415ba29f\" data-element_type=\"container\" data-e-type=\"container\">\n\t\t\t\t\t<div class=\"e-con-inner\">\n\t\t<div class=\"elementor-element elementor-element-98816d7 e-flex e-con-boxed e-con e-child\" data-id=\"98816d7\" data-element_type=\"container\" data-e-type=\"container\">\n\t\t\t\t\t<div class=\"e-con-inner\">\n\t\t\t\t<div class=\"elementor-element elementor-element-2ce3c69e elementor-widget elementor-widget-text-editor\" data-id=\"2ce3c69e\" data-element_type=\"widget\" data-e-type=\"widget\" data-widget_type=\"text-editor.default\">\n\t\t\t\t<div class=\"elementor-widget-container\">\n\t\t\t\t\t\t\t\t\t<div class=\"flex-gt-sm-50 hm-row\"><div class=\"hm-row-inside\"><div class=\"ce_text block\"><p><b>Dank meiner Hilfe wirst du klar und sicher handlungsf\u00e4hig werden<\/b><\/p><p class=\" translation-block\">As a coach at your side, we work together to develop the best solutions for your financial concerns. I will focus on your problems, analyse the facts and take your emotional needs into account. Nothing is ignored.  Every solution that results is tailored to you and strengthens your self-confidence and your ability to act.<\/p><\/div><\/div><\/div>\t\t\t\t\t\t\t\t<\/div>\n\t\t\t\t<\/div>\n\t\t\t\t<div class=\"elementor-element elementor-element-4598ea10 elementor-headline--style-highlight elementor-widget elementor-widget-animated-headline\" data-id=\"4598ea10\" data-element_type=\"widget\" data-e-type=\"widget\" data-settings=\"{&quot;marker&quot;:&quot;diagonal&quot;,&quot;highlighted_text&quot;:&quot;Immobilien&quot;,&quot;headline_style&quot;:&quot;highlight&quot;,&quot;highlight_animation_duration&quot;:1200}\" data-widget_type=\"animated-headline.default\">\n\t\t\t\t<div class=\"elementor-widget-container\">\n\t\t\t\t\t\t\t\t<a href=\"https:\/\/christinehofstetter.ch\/en\/coaching\/immobilien\/\">\n\n\t\t\t\t\t<h3 class=\"elementor-headline\">\n\t\t\t\t\t<span class=\"elementor-headline-plain-text elementor-headline-text-wrapper\">YOUR HOMEBASE IN LIFE.<\/span>\n\t\t\t\t<span class=\"elementor-headline-dynamic-wrapper elementor-headline-text-wrapper\">\n\t\t\t\t\t<span class=\"elementor-headline-dynamic-text elementor-headline-text-active\">REAL ESTATE<\/span>\n\t\t\t\t<\/span>\n\t\t\t\t<\/h3>\n\t\t<\/a>\t\t\t\t<\/div>\n\t\t\t\t<\/div>\n\t\t\t\t<div class=\"elementor-element elementor-element-70fb1940 elementor-headline--style-highlight elementor-widget elementor-widget-animated-headline\" data-id=\"70fb1940\" data-element_type=\"widget\" data-e-type=\"widget\" data-settings=\"{&quot;marker&quot;:&quot;diagonal&quot;,&quot;highlighted_text&quot;:&quot;Finanzen&quot;,&quot;headline_style&quot;:&quot;highlight&quot;,&quot;highlight_animation_duration&quot;:1200}\" data-widget_type=\"animated-headline.default\">\n\t\t\t\t<div class=\"elementor-widget-container\">\n\t\t\t\t\t\t\t\t<a href=\"https:\/\/christinehofstetter.ch\/en\/coaching\/finanzen\/\">\n\n\t\t\t\t\t<h3 class=\"elementor-headline\">\n\t\t\t\t\t<span class=\"elementor-headline-plain-text elementor-headline-text-wrapper\">TIMES OF CHANGE IN LIFE:<\/span>\n\t\t\t\t<span class=\"elementor-headline-dynamic-wrapper elementor-headline-text-wrapper\">\n\t\t\t\t\t<span class=\"elementor-headline-dynamic-text elementor-headline-text-active\">FINANCE<\/span>\n\t\t\t\t<\/span>\n\t\t\t\t<\/h3>\n\t\t<\/a>\t\t\t\t<\/div>\n\t\t\t\t<\/div>\n\t\t\t\t<div class=\"elementor-element elementor-element-70b9e620 elementor-headline--style-highlight elementor-widget elementor-widget-animated-headline\" data-id=\"70b9e620\" data-element_type=\"widget\" data-e-type=\"widget\" data-settings=\"{&quot;marker&quot;:&quot;diagonal&quot;,&quot;highlighted_text&quot;:&quot;Selbst\\u00e4ndigkeit&quot;,&quot;headline_style&quot;:&quot;highlight&quot;,&quot;highlight_animation_duration&quot;:1200}\" data-widget_type=\"animated-headline.default\">\n\t\t\t\t<div class=\"elementor-widget-container\">\n\t\t\t\t\t\t\t\t<a href=\"https:\/\/christinehofstetter.ch\/en\/coaching\/selbstaendigkeit\/\">\n\n\t\t\t\t\t<h3 class=\"elementor-headline\">\n\t\t\t\t\t<span class=\"elementor-headline-plain-text elementor-headline-text-wrapper\">LIFE'S TURNING POINTS:<\/span>\n\t\t\t\t<span class=\"elementor-headline-dynamic-wrapper elementor-headline-text-wrapper\">\n\t\t\t\t\t<span class=\"elementor-headline-dynamic-text elementor-headline-text-active\">INDEPENDENCE<\/span>\n\t\t\t\t<\/span>\n\t\t\t\t<\/h3>\n\t\t<\/a>\t\t\t\t<\/div>\n\t\t\t\t<\/div>\n\t\t\t\t\t<\/div>\n\t\t\t\t<\/div>\n\t\t\t\t<div class=\"elementor-element elementor-element-517b7f5d elementor-widget elementor-widget-image\" data-id=\"517b7f5d\" data-element_type=\"widget\" data-e-type=\"widget\" data-widget_type=\"image.default\">\n\t\t\t\t<div class=\"elementor-widget-container\">\n\t\t\t\t\t\t\t\t\t\t\t\t\t\t\t<img fetchpriority=\"high\" decoding=\"async\" width=\"800\" height=\"800\" src=\"https:\/\/christinehofstetter.ch\/wp-content\/uploads\/2023\/11\/christine-1331-Edit-Edit-1024x1024.jpg\" class=\"attachment-large size-large wp-image-162\" alt=\"\" srcset=\"https:\/\/christinehofstetter.ch\/wp-content\/uploads\/2023\/11\/christine-1331-Edit-Edit-1024x1024.jpg 1024w, https:\/\/christinehofstetter.ch\/wp-content\/uploads\/2023\/11\/christine-1331-Edit-Edit-300x300.jpg 300w, https:\/\/christinehofstetter.ch\/wp-content\/uploads\/2023\/11\/christine-1331-Edit-Edit-150x150.jpg 150w, https:\/\/christinehofstetter.ch\/wp-content\/uploads\/2023\/11\/christine-1331-Edit-Edit-768x768.jpg 768w, https:\/\/christinehofstetter.ch\/wp-content\/uploads\/2023\/11\/christine-1331-Edit-Edit-1536x1536.jpg 1536w, https:\/\/christinehofstetter.ch\/wp-content\/uploads\/2023\/11\/christine-1331-Edit-Edit-2048x2048.jpg 2048w\" sizes=\"(max-width: 800px) 100vw, 800px\" \/>\t\t\t\t\t\t\t\t\t\t\t\t\t\t\t<\/div>\n\t\t\t\t<\/div>\n\t\t\t\t\t<\/div>\n\t\t\t\t<\/div>\n\t\t\t\t\t<\/div>\n\t\t\t\t<\/div>\n\t\t<div class=\"elementor-element elementor-element-5ea628d7 e-flex e-con-boxed e-con e-parent\" data-id=\"5ea628d7\" data-element_type=\"container\" data-e-type=\"container\" data-settings=\"{&quot;background_background&quot;:&quot;classic&quot;}\">\n\t\t\t\t\t<div class=\"e-con-inner\">\n\t\t\t\t<div class=\"elementor-element elementor-element-1777f9cb elementor-widget elementor-widget-heading\" data-id=\"1777f9cb\" data-element_type=\"widget\" data-e-type=\"widget\" data-widget_type=\"heading.default\">\n\t\t\t\t<div class=\"elementor-widget-container\">\n\t\t\t\t\t<h2 class=\"elementor-heading-title elementor-size-default\">Schedule an appointment<\/h2>\t\t\t\t<\/div>\n\t\t\t\t<\/div>\n\t\t\t\t<div class=\"elementor-element elementor-element-7b8c399f elementor-icon-list--layout-inline elementor-align-center elementor-list-item-link-full_width elementor-widget elementor-widget-icon-list\" data-id=\"7b8c399f\" data-element_type=\"widget\" data-e-type=\"widget\" data-widget_type=\"icon-list.default\">\n\t\t\t\t<div class=\"elementor-widget-container\">\n\t\t\t\t\t\t\t<ul class=\"elementor-icon-list-items elementor-inline-items\">\n\t\t\t\t\t\t\t<li class=\"elementor-icon-list-item elementor-inline-item\">\n\t\t\t\t\t\t\t\t\t\t\t<a href=\"tel:+41762186595\">\n\n\t\t\t\t\t\t\t\t\t\t\t\t<span class=\"elementor-icon-list-icon\">\n\t\t\t\t\t\t\t<svg aria-hidden=\"true\" class=\"e-font-icon-svg e-fas-phone-alt\" viewbox=\"0 0 512 512\" xmlns=\"http:\/\/www.w3.org\/2000\/svg\"><path d=\"M497.39 361.8l-112-48a24 24 0 0 0-28 6.9l-49.6 60.6A370.66 370.66 0 0 1 130.6 204.11l60.6-49.6a23.94 23.94 0 0 0 6.9-28l-48-112A24.16 24.16 0 0 0 122.6.61l-104 24A24 24 0 0 0 0 48c0 256.5 207.9 464 464 464a24 24 0 0 0 23.4-18.6l24-104a24.29 24.29 0 0 0-14.01-27.6z\"><\/path><\/svg>\t\t\t\t\t\t<\/span>\n\t\t\t\t\t\t\t\t\t\t<span class=\"elementor-icon-list-text\">076 218 65 95<\/span>\n\t\t\t\t\t\t\t\t\t\t\t<\/a>\n\t\t\t\t\t\t\t\t\t<\/li>\n\t\t\t\t\t\t\t\t<li class=\"elementor-icon-list-item elementor-inline-item\">\n\t\t\t\t\t\t\t\t\t\t\t<a href=\"mailto:ch@christinehofstetter.ch\">\n\n\t\t\t\t\t\t\t\t\t\t\t\t<span class=\"elementor-icon-list-icon\">\n\t\t\t\t\t\t\t<svg aria-hidden=\"true\" class=\"e-font-icon-svg e-fas-envelope\" viewbox=\"0 0 512 512\" xmlns=\"http:\/\/www.w3.org\/2000\/svg\"><path d=\"M502.3 190.8c3.9-3.1 9.7-.2 9.7 4.7V400c0 26.5-21.5 48-48 48H48c-26.5 0-48-21.5-48-48V195.6c0-5 5.7-7.8 9.7-4.7 22.4 17.4 52.1 39.5 154.1 113.6 21.1 15.4 56.7 47.8 92.2 47.6 35.7.3 72-32.8 92.3-47.6 102-74.1 131.6-96.3 154-113.7zM256 320c23.2.4 56.6-29.2 73.4-41.4 132.7-96.3 142.8-104.7 173.4-128.7 5.8-4.5 9.2-11.5 9.2-18.9v-19c0-26.5-21.5-48-48-48H48C21.5 64 0 85.5 0 112v19c0 7.4 3.4 14.3 9.2 18.9 30.6 23.9 40.7 32.4 173.4 128.7 16.8 12.2 50.2 41.8 73.4 41.4z\"><\/path><\/svg>\t\t\t\t\t\t<\/span>\n\t\t\t\t\t\t\t\t\t\t<span class=\"elementor-icon-list-text\">ch@christinehofstetter.ch<\/span>\n\t\t\t\t\t\t\t\t\t\t\t<\/a>\n\t\t\t\t\t\t\t\t\t<\/li>\n\t\t\t\t\t\t<\/ul>\n\t\t\t\t\t\t<\/div>\n\t\t\t\t<\/div>\n\t\t\t\t\t<\/div>\n\t\t\t\t<\/div>\n\t\t\t\t<\/div>","protected":false},"excerpt":{"rendered":"<p>Coaching. Zusammen den L\u00f6sungsweg finden. Dank meiner Hilfe wirst du klar und sicher handlungsf\u00e4hig werden Als Coach an deiner Seite entwickeln wir gemeinsam die besten L\u00f6sungswege f\u00fcr deine Anliegen, die mit Finanzen zu tun haben. Ich gehe gezielt auf deine Probleme ein, werte die Fakten aus und ber\u00fccksichtige deine emotionalen Bed\u00fcrfnisse. Nichts wird ausser Acht [&hellip;]<\/p>","protected":false},"author":1,"featured_media":0,"parent":0,"menu_order":0,"comment_status":"closed","ping_status":"closed","template":"","meta":{"footnotes":""},"class_list":["post-13","page","type-page","status-publish","hentry"],"yoast_head":"<!-- This site is optimized with the Yoast SEO plugin v27.3 - https:\/\/yoast.com\/product\/yoast-seo-wordpress\/ -->\n<title>Coaching - Christine Hofstetter<\/title>\n<meta name=\"robots\" content=\"index, follow, max-snippet:-1, max-image-preview:large, max-video-preview:-1\" \/>\n<link rel=\"canonical\" href=\"https:\/\/christinehofstetter.ch\/en\/coaching\/\" \/>\n<meta property=\"og:locale\" content=\"en_GB\" \/>\n<meta property=\"og:type\" content=\"article\" \/>\n<meta property=\"og:title\" content=\"Coaching - Christine Hofstetter\" \/>\n<meta property=\"og:description\" content=\"Coaching. Zusammen den L\u00f6sungsweg finden. Dank meiner Hilfe wirst du klar und sicher handlungsf\u00e4hig werden Als Coach an deiner Seite entwickeln wir gemeinsam die besten L\u00f6sungswege f\u00fcr deine Anliegen, die mit Finanzen zu tun haben. Ich gehe gezielt auf deine Probleme ein, werte die Fakten aus und ber\u00fccksichtige deine emotionalen Bed\u00fcrfnisse. Nichts wird ausser Acht [&hellip;]\" \/>\n<meta property=\"og:url\" content=\"https:\/\/christinehofstetter.ch\/en\/coaching\/\" \/>\n<meta property=\"og:site_name\" content=\"Christine Hofstetter\" \/>\n<meta property=\"article:modified_time\" content=\"2023-11-17T15:38:18+00:00\" \/>\n<meta property=\"og:image\" content=\"https:\/\/christinehofstetter.ch\/wp-content\/uploads\/2023\/11\/christine-1331-Edit-Edit-1024x1024.jpg\" \/>\n<meta name=\"twitter:card\" content=\"summary_large_image\" \/>\n<meta name=\"twitter:label1\" content=\"Estimated reading time\" \/>\n\t<meta name=\"twitter:data1\" content=\"1 minute\" \/>\n<script type=\"application\/ld+json\" class=\"yoast-schema-graph\">{\"@context\":\"https:\\\/\\\/schema.org\",\"@graph\":[{\"@type\":\"WebPage\",\"@id\":\"https:\\\/\\\/christinehofstetter.ch\\\/coaching\\\/\",\"url\":\"https:\\\/\\\/christinehofstetter.ch\\\/coaching\\\/\",\"name\":\"Coaching - Christine Hofstetter\",\"isPartOf\":{\"@id\":\"https:\\\/\\\/christinehofstetter.ch\\\/#website\"},\"primaryImageOfPage\":{\"@id\":\"https:\\\/\\\/christinehofstetter.ch\\\/coaching\\\/#primaryimage\"},\"image\":{\"@id\":\"https:\\\/\\\/christinehofstetter.ch\\\/coaching\\\/#primaryimage\"},\"thumbnailUrl\":\"https:\\\/\\\/christinehofstetter.ch\\\/wp-content\\\/uploads\\\/2023\\\/11\\\/christine-1331-Edit-Edit-1024x1024.jpg\",\"datePublished\":\"2023-11-09T10:32:57+00:00\",\"dateModified\":\"2023-11-17T15:38:18+00:00\",\"breadcrumb\":{\"@id\":\"https:\\\/\\\/christinehofstetter.ch\\\/coaching\\\/#breadcrumb\"},\"inLanguage\":\"en-GB\",\"potentialAction\":[{\"@type\":\"ReadAction\",\"target\":[\"https:\\\/\\\/christinehofstetter.ch\\\/coaching\\\/\"]}]},{\"@type\":\"ImageObject\",\"inLanguage\":\"en-GB\",\"@id\":\"https:\\\/\\\/christinehofstetter.ch\\\/coaching\\\/#primaryimage\",\"url\":\"https:\\\/\\\/christinehofstetter.ch\\\/wp-content\\\/uploads\\\/2023\\\/11\\\/christine-1331-Edit-Edit-1024x1024.jpg\",\"contentUrl\":\"https:\\\/\\\/christinehofstetter.ch\\\/wp-content\\\/uploads\\\/2023\\\/11\\\/christine-1331-Edit-Edit-1024x1024.jpg\"},{\"@type\":\"BreadcrumbList\",\"@id\":\"https:\\\/\\\/christinehofstetter.ch\\\/coaching\\\/#breadcrumb\",\"itemListElement\":[{\"@type\":\"ListItem\",\"position\":1,\"name\":\"Startseite\",\"item\":\"https:\\\/\\\/christinehofstetter.ch\\\/\"},{\"@type\":\"ListItem\",\"position\":2,\"name\":\"Coaching\"}]},{\"@type\":\"WebSite\",\"@id\":\"https:\\\/\\\/christinehofstetter.ch\\\/#website\",\"url\":\"https:\\\/\\\/christinehofstetter.ch\\\/\",\"name\":\"Christine Hofstetter\",\"description\":\"Wenn Entscheidungen anstehen\",\"publisher\":{\"@id\":\"https:\\\/\\\/christinehofstetter.ch\\\/#organization\"},\"potentialAction\":[{\"@type\":\"SearchAction\",\"target\":{\"@type\":\"EntryPoint\",\"urlTemplate\":\"https:\\\/\\\/christinehofstetter.ch\\\/?s={search_term_string}\"},\"query-input\":{\"@type\":\"PropertyValueSpecification\",\"valueRequired\":true,\"valueName\":\"search_term_string\"}}],\"inLanguage\":\"en-GB\"},{\"@type\":\"Organization\",\"@id\":\"https:\\\/\\\/christinehofstetter.ch\\\/#organization\",\"name\":\"Christine Hofstetter\",\"url\":\"https:\\\/\\\/christinehofstetter.ch\\\/\",\"logo\":{\"@type\":\"ImageObject\",\"inLanguage\":\"en-GB\",\"@id\":\"https:\\\/\\\/christinehofstetter.ch\\\/#\\\/schema\\\/logo\\\/image\\\/\",\"url\":\"https:\\\/\\\/christinehofstetter.ch\\\/wp-content\\\/uploads\\\/2023\\\/11\\\/Logo_CH.jpg\",\"contentUrl\":\"https:\\\/\\\/christinehofstetter.ch\\\/wp-content\\\/uploads\\\/2023\\\/11\\\/Logo_CH.jpg\",\"width\":849,\"height\":384,\"caption\":\"Christine Hofstetter\"},\"image\":{\"@id\":\"https:\\\/\\\/christinehofstetter.ch\\\/#\\\/schema\\\/logo\\\/image\\\/\"}}]}<\/script>\n<!-- \/ Yoast SEO plugin. -->","yoast_head_json":{"title":"Coaching - Christine Hofstetter","robots":{"index":"index","follow":"follow","max-snippet":"max-snippet:-1","max-image-preview":"max-image-preview:large","max-video-preview":"max-video-preview:-1"},"canonical":"https:\/\/christinehofstetter.ch\/en\/coaching\/","og_locale":"en_GB","og_type":"article","og_title":"Coaching - Christine Hofstetter","og_description":"Coaching. Zusammen den L\u00f6sungsweg finden. Dank meiner Hilfe wirst du klar und sicher handlungsf\u00e4hig werden Als Coach an deiner Seite entwickeln wir gemeinsam die besten L\u00f6sungswege f\u00fcr deine Anliegen, die mit Finanzen zu tun haben. Ich gehe gezielt auf deine Probleme ein, werte die Fakten aus und ber\u00fccksichtige deine emotionalen Bed\u00fcrfnisse. Nichts wird ausser Acht [&hellip;]","og_url":"https:\/\/christinehofstetter.ch\/en\/coaching\/","og_site_name":"Christine Hofstetter","article_modified_time":"2023-11-17T15:38:18+00:00","og_image":[{"url":"https:\/\/christinehofstetter.ch\/wp-content\/uploads\/2023\/11\/christine-1331-Edit-Edit-1024x1024.jpg","type":"","width":"","height":""}],"twitter_card":"summary_large_image","twitter_misc":{"Estimated reading time":"1 minute"},"schema":{"@context":"https:\/\/schema.org","@graph":[{"@type":"WebPage","@id":"https:\/\/christinehofstetter.ch\/coaching\/","url":"https:\/\/christinehofstetter.ch\/coaching\/","name":"Coaching - Christine Hofstetter","isPartOf":{"@id":"https:\/\/christinehofstetter.ch\/#website"},"primaryImageOfPage":{"@id":"https:\/\/christinehofstetter.ch\/coaching\/#primaryimage"},"image":{"@id":"https:\/\/christinehofstetter.ch\/coaching\/#primaryimage"},"thumbnailUrl":"https:\/\/christinehofstetter.ch\/wp-content\/uploads\/2023\/11\/christine-1331-Edit-Edit-1024x1024.jpg","datePublished":"2023-11-09T10:32:57+00:00","dateModified":"2023-11-17T15:38:18+00:00","breadcrumb":{"@id":"https:\/\/christinehofstetter.ch\/coaching\/#breadcrumb"},"inLanguage":"en-GB","potentialAction":[{"@type":"ReadAction","target":["https:\/\/christinehofstetter.ch\/coaching\/"]}]},{"@type":"ImageObject","inLanguage":"en-GB","@id":"https:\/\/christinehofstetter.ch\/coaching\/#primaryimage","url":"https:\/\/christinehofstetter.ch\/wp-content\/uploads\/2023\/11\/christine-1331-Edit-Edit-1024x1024.jpg","contentUrl":"https:\/\/christinehofstetter.ch\/wp-content\/uploads\/2023\/11\/christine-1331-Edit-Edit-1024x1024.jpg"},{"@type":"BreadcrumbList","@id":"https:\/\/christinehofstetter.ch\/coaching\/#breadcrumb","itemListElement":[{"@type":"ListItem","position":1,"name":"Startseite","item":"https:\/\/christinehofstetter.ch\/"},{"@type":"ListItem","position":2,"name":"Coaching"}]},{"@type":"WebSite","@id":"https:\/\/christinehofstetter.ch\/#website","url":"https:\/\/christinehofstetter.ch\/","name":"Christine Hofstetter","description":"Wenn Entscheidungen anstehen","publisher":{"@id":"https:\/\/christinehofstetter.ch\/#organization"},"potentialAction":[{"@type":"SearchAction","target":{"@type":"EntryPoint","urlTemplate":"https:\/\/christinehofstetter.ch\/?s={search_term_string}"},"query-input":{"@type":"PropertyValueSpecification","valueRequired":true,"valueName":"search_term_string"}}],"inLanguage":"en-GB"},{"@type":"Organization","@id":"https:\/\/christinehofstetter.ch\/#organization","name":"Christine Hofstetter","url":"https:\/\/christinehofstetter.ch\/","logo":{"@type":"ImageObject","inLanguage":"en-GB","@id":"https:\/\/christinehofstetter.ch\/#\/schema\/logo\/image\/","url":"https:\/\/christinehofstetter.ch\/wp-content\/uploads\/2023\/11\/Logo_CH.jpg","contentUrl":"https:\/\/christinehofstetter.ch\/wp-content\/uploads\/2023\/11\/Logo_CH.jpg","width":849,"height":384,"caption":"Christine Hofstetter"},"image":{"@id":"https:\/\/christinehofstetter.ch\/#\/schema\/logo\/image\/"}}]}},"_links":{"self":[{"href":"https:\/\/christinehofstetter.ch\/en\/wp-json\/wp\/v2\/pages\/13","targetHints":{"allow":["GET"]}}],"collection":[{"href":"https:\/\/christinehofstetter.ch\/en\/wp-json\/wp\/v2\/pages"}],"about":[{"href":"https:\/\/christinehofstetter.ch\/en\/wp-json\/wp\/v2\/types\/page"}],"author":[{"embeddable":true,"href":"https:\/\/christinehofstetter.ch\/en\/wp-json\/wp\/v2\/users\/1"}],"replies":[{"embeddable":true,"href":"https:\/\/christinehofstetter.ch\/en\/wp-json\/wp\/v2\/comments?post=13"}],"version-history":[{"count":31,"href":"https:\/\/christinehofstetter.ch\/en\/wp-json\/wp\/v2\/pages\/13\/revisions"}],"predecessor-version":[{"id":805,"href":"https:\/\/christinehofstetter.ch\/en\/wp-json\/wp\/v2\/pages\/13\/revisions\/805"}],"wp:attachment":[{"href":"https:\/\/christinehofstetter.ch\/en\/wp-json\/wp\/v2\/media?parent=13"}],"curies":[{"name":"wp","href":"https:\/\/api.w.org\/{rel}","templated":true}]}}